{"id":117,"date":"2020-04-13T14:04:56","date_gmt":"2020-04-13T12:04:56","guid":{"rendered":"http:\/\/conmotoslovakia.sk\/?page_id=117"},"modified":"2025-11-15T11:36:55","modified_gmt":"2025-11-15T10:36:55","slug":"aktualne-vystupujeme","status":"publish","type":"page","link":"https:\/\/conmotoslovakia.sk\/?page_id=117","title":{"rendered":"Nap\u00edsali o n\u00e1s"},"content":{"rendered":"\n<figure class=\"wp-block-gallery has-nested-images columns-default is-cropped wp-block-gallery-1 is-layout-flex wp-block-gallery-is-layout-flex\">\n<figure class=\"wp-block-image size-large\"><a href=\"https:\/\/conmotoslovakia.sk\/wp-content\/uploads\/2025\/10\/clanok.jpg\" data-rel=\"lightbox-image-0\" data-rl_title=\"\" data-rl_caption=\"\" title=\"\"><img loading=\"lazy\" decoding=\"async\" width=\"736\" height=\"1024\" data-id=\"1178\" src=\"https:\/\/conmotoslovakia.sk\/wp-content\/uploads\/2025\/10\/clanok-736x1024.jpg\" alt=\"\" class=\"wp-image-1178\" srcset=\"https:\/\/conmotoslovakia.sk\/wp-content\/uploads\/2025\/10\/clanok-736x1024.jpg 736w, https:\/\/conmotoslovakia.sk\/wp-content\/uploads\/2025\/10\/clanok-216x300.jpg 216w, https:\/\/conmotoslovakia.sk\/wp-content\/uploads\/2025\/10\/clanok-768x1069.jpg 768w, https:\/\/conmotoslovakia.sk\/wp-content\/uploads\/2025\/10\/clanok-1103x1536.jpg 1103w, https:\/\/conmotoslovakia.sk\/wp-content\/uploads\/2025\/10\/clanok-1471x2048.jpg 1471w, https:\/\/conmotoslovakia.sk\/wp-content\/uploads\/2025\/10\/clanok-1200x1670.jpg 1200w, https:\/\/conmotoslovakia.sk\/wp-content\/uploads\/2025\/10\/clanok.jpg 1839w\" sizes=\"auto, (max-width: 736px) 85vw, 736px\" \/><\/a><\/figure>\n<\/figure>\n\n\n\n<figure class=\"wp-block-video aligncenter\"><video height=\"1080\" style=\"aspect-ratio: 1920 \/ 1080;\" width=\"1920\" controls src=\"https:\/\/conmotoslovakia.sk\/wp-content\/uploads\/2025\/10\/Giraltovce_archiv.mp4\"><\/video><figcaption class=\"wp-element-caption\"><a href=\"https:\/\/tvnoviny.sk\/video\/91-televizne-noviny\/reportaze\/135968-prezila-mengelleho-aj-plynove-komory\" target=\"_blank\" rel=\"noreferrer noopener\">Pre\u017eila mengelleho aj plynov\u00e9 komory<\/a><\/figcaption><\/figure>\n\n\n\n<figure class=\"wp-block-image size-large\"><a href=\"https:\/\/conmotoslovakia.sk\/wp-content\/uploads\/2025\/09\/IMG_0002.jpg\" data-rel=\"lightbox-image-1\" data-rl_title=\"\" data-rl_caption=\"\" title=\"\"><img loading=\"lazy\" decoding=\"async\" width=\"718\" height=\"1024\" src=\"http:\/\/conmotoslovakia.sk\/wp-content\/uploads\/2025\/09\/IMG_0002-718x1024.jpg\" alt=\"\" class=\"wp-image-1059\" srcset=\"https:\/\/conmotoslovakia.sk\/wp-content\/uploads\/2025\/09\/IMG_0002-718x1024.jpg 718w, https:\/\/conmotoslovakia.sk\/wp-content\/uploads\/2025\/09\/IMG_0002-210x300.jpg 210w, https:\/\/conmotoslovakia.sk\/wp-content\/uploads\/2025\/09\/IMG_0002-768x1095.jpg 768w, https:\/\/conmotoslovakia.sk\/wp-content\/uploads\/2025\/09\/IMG_0002-1078x1536.jpg 1078w, https:\/\/conmotoslovakia.sk\/wp-content\/uploads\/2025\/09\/IMG_0002-1437x2048.jpg 1437w, https:\/\/conmotoslovakia.sk\/wp-content\/uploads\/2025\/09\/IMG_0002-1200x1710.jpg 1200w, https:\/\/conmotoslovakia.sk\/wp-content\/uploads\/2025\/09\/IMG_0002.jpg 1796w\" sizes=\"auto, (max-width: 718px) 85vw, 718px\" \/><\/a><\/figure>\n\n\n\n<figure class=\"wp-block-image size-large\"><a href=\"https:\/\/conmotoslovakia.sk\/wp-content\/uploads\/2025\/09\/IMG_0003.jpg\" data-rel=\"lightbox-image-2\" data-rl_title=\"\" data-rl_caption=\"\" title=\"\"><img loading=\"lazy\" decoding=\"async\" width=\"718\" height=\"1024\" src=\"http:\/\/conmotoslovakia.sk\/wp-content\/uploads\/2025\/09\/IMG_0003-718x1024.jpg\" alt=\"\" class=\"wp-image-1058\" srcset=\"https:\/\/conmotoslovakia.sk\/wp-content\/uploads\/2025\/09\/IMG_0003-718x1024.jpg 718w, https:\/\/conmotoslovakia.sk\/wp-content\/uploads\/2025\/09\/IMG_0003-210x300.jpg 210w, https:\/\/conmotoslovakia.sk\/wp-content\/uploads\/2025\/09\/IMG_0003-768x1095.jpg 768w, https:\/\/conmotoslovakia.sk\/wp-content\/uploads\/2025\/09\/IMG_0003-1078x1536.jpg 1078w, https:\/\/conmotoslovakia.sk\/wp-content\/uploads\/2025\/09\/IMG_0003-1437x2048.jpg 1437w, https:\/\/conmotoslovakia.sk\/wp-content\/uploads\/2025\/09\/IMG_0003-1200x1710.jpg 1200w, https:\/\/conmotoslovakia.sk\/wp-content\/uploads\/2025\/09\/IMG_0003.jpg 1796w\" sizes=\"auto, (max-width: 718px) 85vw, 718px\" \/><\/a><\/figure>\n\n\n\n<figure class=\"wp-block-image size-large\"><a href=\"https:\/\/conmotoslovakia.sk\/wp-content\/uploads\/2025\/09\/IMG_0004.jpg\" data-rel=\"lightbox-image-3\" data-rl_title=\"\" data-rl_caption=\"\" title=\"\"><img loading=\"lazy\" decoding=\"async\" width=\"720\" height=\"1024\" src=\"http:\/\/conmotoslovakia.sk\/wp-content\/uploads\/2025\/09\/IMG_0004-720x1024.jpg\" alt=\"\" class=\"wp-image-1060\" srcset=\"https:\/\/conmotoslovakia.sk\/wp-content\/uploads\/2025\/09\/IMG_0004-720x1024.jpg 720w, https:\/\/conmotoslovakia.sk\/wp-content\/uploads\/2025\/09\/IMG_0004-211x300.jpg 211w, https:\/\/conmotoslovakia.sk\/wp-content\/uploads\/2025\/09\/IMG_0004-768x1093.jpg 768w, https:\/\/conmotoslovakia.sk\/wp-content\/uploads\/2025\/09\/IMG_0004-1079x1536.jpg 1079w, https:\/\/conmotoslovakia.sk\/wp-content\/uploads\/2025\/09\/IMG_0004-1439x2048.jpg 1439w, https:\/\/conmotoslovakia.sk\/wp-content\/uploads\/2025\/09\/IMG_0004-1200x1708.jpg 1200w, https:\/\/conmotoslovakia.sk\/wp-content\/uploads\/2025\/09\/IMG_0004.jpg 1799w\" sizes=\"auto, (max-width: 720px) 85vw, 720px\" \/><\/a><\/figure>\n\n\n\n<figure class=\"wp-block-image size-large\"><a href=\"https:\/\/conmotoslovakia.sk\/wp-content\/uploads\/2025\/09\/IMG_0005.jpg\" data-rel=\"lightbox-image-4\" data-rl_title=\"\" data-rl_caption=\"\" title=\"\"><img loading=\"lazy\" decoding=\"async\" width=\"720\" height=\"1024\" src=\"http:\/\/conmotoslovakia.sk\/wp-content\/uploads\/2025\/09\/IMG_0005-720x1024.jpg\" alt=\"\" class=\"wp-image-1061\" srcset=\"https:\/\/conmotoslovakia.sk\/wp-content\/uploads\/2025\/09\/IMG_0005-720x1024.jpg 720w, https:\/\/conmotoslovakia.sk\/wp-content\/uploads\/2025\/09\/IMG_0005-211x300.jpg 211w, https:\/\/conmotoslovakia.sk\/wp-content\/uploads\/2025\/09\/IMG_0005-768x1093.jpg 768w, https:\/\/conmotoslovakia.sk\/wp-content\/uploads\/2025\/09\/IMG_0005-1079x1536.jpg 1079w, https:\/\/conmotoslovakia.sk\/wp-content\/uploads\/2025\/09\/IMG_0005-1439x2048.jpg 1439w, https:\/\/conmotoslovakia.sk\/wp-content\/uploads\/2025\/09\/IMG_0005-1200x1708.jpg 1200w, https:\/\/conmotoslovakia.sk\/wp-content\/uploads\/2025\/09\/IMG_0005.jpg 1799w\" sizes=\"auto, (max-width: 720px) 85vw, 720px\" \/><\/a><\/figure>\n\n\n\n<figure class=\"wp-block-embed is-type-video is-provider-youtube wp-block-embed-youtube wp-embed-aspect-16-9 wp-has-aspect-ratio\"><div class=\"wp-block-embed__wrapper\">\n<iframe loading=\"lazy\" title=\"19. Region\u00e1lny magaz\u00edn - 29. 1. 2025\" width=\"840\" height=\"473\" src=\"https:\/\/www.youtube.com\/embed\/90cucszMCMo?feature=oembed\" frameborder=\"0\" allow=\"accelerometer; autoplay; clipboard-write; encrypted-media; gyroscope; picture-in-picture; web-share\" referrerpolicy=\"strict-origin-when-cross-origin\" allowfullscreen><\/iframe>\n<\/div><figcaption class=\"wp-element-caption\">Report\u00e1\u017e z Ke\u017emarku &#8211; 19. Region\u00e1lny magaz\u00edn &#8211; 29. 1. 2025<\/figcaption><\/figure>\n\n\n<div class=\"wp-block-image\">\n<figure class=\"aligncenter size-large\"><a href=\"https:\/\/conmotoslovakia.sk\/wp-content\/uploads\/2025\/05\/KORZAR_clanok_Odhalenie-tabule-Prazdna-stolicka_Con-moto-a-zbor-EKG-Presov.jpg\" data-rel=\"lightbox-image-5\" data-rl_title=\"\" data-rl_caption=\"\" title=\"\"><img loading=\"lazy\" decoding=\"async\" width=\"1024\" height=\"517\" src=\"http:\/\/conmotoslovakia.sk\/wp-content\/uploads\/2025\/05\/KORZAR_clanok_Odhalenie-tabule-Prazdna-stolicka_Con-moto-a-zbor-EKG-Presov-1024x517.jpg\" alt=\"\" class=\"wp-image-740\" srcset=\"https:\/\/conmotoslovakia.sk\/wp-content\/uploads\/2025\/05\/KORZAR_clanok_Odhalenie-tabule-Prazdna-stolicka_Con-moto-a-zbor-EKG-Presov-1024x517.jpg 1024w, https:\/\/conmotoslovakia.sk\/wp-content\/uploads\/2025\/05\/KORZAR_clanok_Odhalenie-tabule-Prazdna-stolicka_Con-moto-a-zbor-EKG-Presov-300x152.jpg 300w, https:\/\/conmotoslovakia.sk\/wp-content\/uploads\/2025\/05\/KORZAR_clanok_Odhalenie-tabule-Prazdna-stolicka_Con-moto-a-zbor-EKG-Presov-768x388.jpg 768w, https:\/\/conmotoslovakia.sk\/wp-content\/uploads\/2025\/05\/KORZAR_clanok_Odhalenie-tabule-Prazdna-stolicka_Con-moto-a-zbor-EKG-Presov-1536x776.jpg 1536w, https:\/\/conmotoslovakia.sk\/wp-content\/uploads\/2025\/05\/KORZAR_clanok_Odhalenie-tabule-Prazdna-stolicka_Con-moto-a-zbor-EKG-Presov-2048x1034.jpg 2048w, https:\/\/conmotoslovakia.sk\/wp-content\/uploads\/2025\/05\/KORZAR_clanok_Odhalenie-tabule-Prazdna-stolicka_Con-moto-a-zbor-EKG-Presov-1200x606.jpg 1200w\" sizes=\"auto, (max-width: 709px) 85vw, (max-width: 909px) 67vw, (max-width: 1362px) 62vw, 840px\" \/><\/a><figcaption class=\"wp-element-caption\">Ne EKG v Pre\u0161ove odhalili pam\u00e4tn\u00fa tabu\u013eu<\/figcaption><\/figure>\n<\/div>\n\n\n<div data-wp-interactive=\"core\/file\" class=\"wp-block-file\"><object data-wp-bind--hidden=\"!state.hasPdfPreview\" hidden class=\"wp-block-file__embed\" data=\"https:\/\/conmotoslovakia.sk\/wp-content\/uploads\/2024\/10\/Salom-24-Evanjelicky-vychod-clanok-1.pdf\" type=\"application\/pdf\" style=\"width:100%;height:600px\" aria-label=\"Vlo\u017ei\u0165 Salom-24-Evanjelicky-vychod-clanok-1.\"><\/object><a id=\"wp-block-file--media-0fb276e5-1da3-4e93-b232-5700c83cb9d2\" href=\"https:\/\/conmotoslovakia.sk\/wp-content\/uploads\/2024\/10\/Salom-24-Evanjelicky-vychod-clanok-1.pdf\">Salom-24-Evanjelicky-vychod-clanok-1<\/a><a href=\"https:\/\/conmotoslovakia.sk\/wp-content\/uploads\/2024\/10\/Salom-24-Evanjelicky-vychod-clanok-1.pdf\" class=\"wp-block-file__button wp-element-button\" download aria-describedby=\"wp-block-file--media-0fb276e5-1da3-4e93-b232-5700c83cb9d2\">Stiahnu\u0165<\/a><\/div>\n\n\n\n<figure class=\"wp-block-embed is-type-video is-provider-youtube wp-block-embed-youtube wp-embed-aspect-16-9 wp-has-aspect-ratio\"><div class=\"wp-block-embed__wrapper\">\n<iframe loading=\"lazy\" title=\"23 08 Shalom Alcheim RTVS\" width=\"840\" height=\"473\" src=\"https:\/\/www.youtube.com\/embed\/oGb1YlNuXKI?feature=oembed\" frameborder=\"0\" allow=\"accelerometer; autoplay; clipboard-write; encrypted-media; gyroscope; picture-in-picture; web-share\" referrerpolicy=\"strict-origin-when-cross-origin\" allowfullscreen><\/iframe>\n<\/div><figcaption class=\"wp-element-caption\">1. ro\u010dn\u00edk Shalom Alcheim na RTVS<\/figcaption><\/figure>\n\n\n\n<p>Ob\u010dianske zdru\u017eenie Spev\u00e1cky zbor Con moto organizovalo v Pre\u0161ove<strong> festival \u017eidovskej kult\u00fary<\/strong> <strong>\u0160alom alejchem<\/strong>, ktor\u00e9ho s\u00fa\u010das\u0165ou bol <strong>workshop<\/strong> pod veden\u00edm Mgr. art. Ladislava Palkovi\u010da.<\/p>\n\n\n\n<p>Workshop sa uskuto\u010dnil <strong>od soboty 29. 7. do pondelka 31. 7.<\/strong> a skon\u010dil sa v pondelok podve\u010dern\u00fdm koncertom v pre\u0161ovskej ortodoxnej synag\u00f3ge.<\/p>\n\n\n\n<p>Con moto pozvalo na workshop spev\u00e1cku verejnos\u0165 Slovenska, pre ktor\u00fa zabezpe\u010dilo ubytovanie a stravu.  Po prihl\u00e1sen\u00ed dostali z\u00e1ujemcovia notov\u00fd materi\u00e1l a potrebn\u00e9 inform\u00e1cie. Okrem OZ Spev\u00e1cky zbor Con moto projekt financoval aj Pre\u0161ovsk\u00fd samospr\u00e1vny kraj. \u010eakujeme! Do Pre\u0161ova sme vr\u00e1tili \u017eidovsk\u00e9 zborov\u00e9 piesne, pripravili sme v\u00fdstavu Pr\u00e1zdna stoli\u010dka o \u017eidovsk\u00fdch \u017eiakoch vyl\u00fa\u010den\u00fdch v roku 1941 z Evanjelick\u00e9ho kolegi\u00e1lneho gymn\u00e1zia. V okt\u00f3bri sa uskuto\u010dnil klav\u00edrny recit\u00e1l Ladislava Palkovi\u010da, ktor\u00fd zahral skladby \u017eidovsk\u00fdch autorov.<\/p>\n\n\n\n<p>\u0160alom alejchem, festival, ZMLUVA \u010d. 1069\/2023\/OPR, Projekt podporen\u00fd z rozpo\u010dtu PSK sumou 5 000 Eur.<\/p>\n\n\n\n<p>V roku 2023 k organiz\u00e1cii festivalu prispeli: V\u00fdchodn\u00fd di\u0161trikt evanjelickej cirkvi augsbursk\u00e9ho vyznania na Slovensku, najm\u00e4 p\u00e1n Miroslav \u010curl\u00edk, predseda \u0161kolsk\u00e9ho v\u00fdboru ECAV na Slovensku a jeho iniciat\u00edva Pr\u00e1zdna stoli\u010dka, Evanjelick\u00e1 spojen\u00e1 \u0161kola v Pre\u0161ove, najm\u00e4 pani u\u010dite\u013eka \u013dudmila K\u00f3nyov\u00e1 a jej \u017eiaci, \u017didovsk\u00e1 n\u00e1bo\u017eensk\u00e1 obec v Pre\u0161ove, najm\u00e4 pani Margita Eckhausov\u00e1. Za Con moto festival iniciovala So\u0148a Grestyov\u00e1 a \u00fa\u010dtovala Lenka Ma\u0165a\u0161ov\u00e1.<\/p>\n\n\n\n<p><strong>Bud\u00faci ro\u010dn\u00edk<\/strong> bude medzin\u00e1rodn\u00fd a viac\u017e\u00e1nrov\u00fd a bude sa kona\u0165 <strong>3. &#8211; 7. augusta 2024 <\/strong>a k spolupr\u00e1ci sa okrem sk\u00f4r spomenut\u00fdch subjektov prid\u00e1 aj Krajsk\u00e1 kni\u017enica P. O. Hviezdoslava v Pre\u0161ove a Jednota d\u00f4chodcov Slovenska Ve\u013ek\u00fd \u0160ari\u0161, ktor\u00e1 pom\u00f4\u017ee s <strong>kraj\u010d\u00edrskou diel\u0148ou na v\u00fdrobu figur\u00edn<\/strong> k v\u00fdstave Pr\u00e1zdna stoli\u010dka. Pl\u00e1n je vizu\u00e1lne pribl\u00ed\u017ei\u0165 tri diev\u010dat\u00e1, \u017eia\u010dky Evanjelick\u00e9ho gymn\u00e1zia z konca tridsiatych a za\u010diatku \u0161tyridsiatych rokov minul\u00e9ho storo\u010dia: <strong>Agne\u0161u Farka\u0161ov\u00fa &#8211; Kalinov\u00fa, Marianu Eger &#8211; Miller a Martu Bornsteinov\u00fa.<\/strong><\/p>\n\n\n\n<p>Hudobn\u00ed hostia bud\u00fa z po\u013esk\u00e9ho Krakova (<strong>Di Galitzyaner Klezmorim<\/strong>) a zo San Francisca, USA (<strong>Purnamasari<\/strong>). Okrem zborovej dielne, ktor\u00fa op\u00e4\u0165 povedie <strong>Ladislav Palkovi\u010d<\/strong>, bude aj diel\u0148a in\u0161trument\u00e1lna, pod veden\u00edm <strong>Mari\u00e1na Bujnovsk\u00e9ho.<\/strong><\/p>\n\n\n\n<p>Krajsk\u00e1 kni\u017enica P. O. Hviezdoslava sa bude podie\u013ea\u0165 na \u010d\u00edtan\u00ed uk\u00e1\u017eok z kn\u00edh Franza Kafku a besede so spisovate\u013eom a prekladate\u013eom <strong>Milanom Richterom<\/strong>.<\/p>\n\n\n\n<p><strong>\u0160tudentsk\u00e9 divadlo KONKE<\/strong> z Konzervat\u00f3ria Timonova 2 v Ko\u0161iciach pod veden\u00edm <strong>Marice Har\u010dar\u00edkovej<\/strong> zahr\u00e1 hru <strong>Milana Richtera Z Kafkovho Pekloraja<\/strong>.<\/p>\n\n\n\n<p><\/p>\n\n\n\n<figure class=\"wp-block-image size-large\"><img loading=\"lazy\" decoding=\"async\" width=\"1024\" height=\"683\" src=\"https:\/\/conmotoslovakia.sk\/wp-content\/uploads\/2023\/09\/Synagoga-koncert-1024x683.jpg\" alt=\"\" class=\"wp-image-336\" srcset=\"https:\/\/conmotoslovakia.sk\/wp-content\/uploads\/2023\/09\/Synagoga-koncert-1024x683.jpg 1024w, https:\/\/conmotoslovakia.sk\/wp-content\/uploads\/2023\/09\/Synagoga-koncert-300x200.jpg 300w, https:\/\/conmotoslovakia.sk\/wp-content\/uploads\/2023\/09\/Synagoga-koncert-768x512.jpg 768w, https:\/\/conmotoslovakia.sk\/wp-content\/uploads\/2023\/09\/Synagoga-koncert-1536x1024.jpg 1536w, https:\/\/conmotoslovakia.sk\/wp-content\/uploads\/2023\/09\/Synagoga-koncert-2048x1365.jpg 2048w, https:\/\/conmotoslovakia.sk\/wp-content\/uploads\/2023\/09\/Synagoga-koncert-1200x800.jpg 1200w\" sizes=\"auto, (max-width: 709px) 85vw, (max-width: 909px) 67vw, (max-width: 1362px) 62vw, 840px\" \/><figcaption class=\"wp-element-caption\">Autorka dokumentu: \u013duba Ko\u013eov\u00e1<\/figcaption><\/figure>\n","protected":false},"excerpt":{"rendered":"<p>Ob\u010dianske zdru\u017eenie Spev\u00e1cky zbor Con moto organizovalo v Pre\u0161ove festival \u017eidovskej kult\u00fary \u0160alom alejchem, ktor\u00e9ho s\u00fa\u010das\u0165ou bol workshop pod veden\u00edm Mgr. art. Ladislava Palkovi\u010da. Workshop sa uskuto\u010dnil od soboty 29. 7. do pondelka 31. 7. a skon\u010dil sa v pondelok podve\u010dern\u00fdm koncertom v pre\u0161ovskej ortodoxnej synag\u00f3ge. Con moto pozvalo na workshop spev\u00e1cku verejnos\u0165 Slovenska, pre &hellip; <a href=\"https:\/\/conmotoslovakia.sk\/?page_id=117\" class=\"more-link\">Pokra\u010dova\u0165 v \u010d\u00edtan\u00ed<span class=\"screen-reader-text\"> &#8222;Nap\u00edsali o n\u00e1s&#8220;<\/span><\/a><\/p>\n","protected":false},"author":1,"featured_media":0,"parent":0,"menu_order":0,"comment_status":"closed","ping_status":"closed","template":"","meta":{"footnotes":""},"class_list":["post-117","page","type-page","status-publish","hentry"],"yoast_head":"<!-- This site is optimized with the Yoast SEO plugin v27.4 - https:\/\/yoast.com\/product\/yoast-seo-wordpress\/ -->\n<title>Nap\u00edsali o n\u00e1s - CON MOTO SLOVAKIA<\/title>\n<meta name=\"robots\" content=\"index, follow, max-snippet:-1, max-image-preview:large, max-video-preview:-1\" \/>\n<link rel=\"canonical\" href=\"https:\/\/conmotoslovakia.sk\/?page_id=117\" \/>\n<meta property=\"og:locale\" content=\"sk_SK\" \/>\n<meta property=\"og:type\" content=\"article\" \/>\n<meta property=\"og:title\" content=\"Nap\u00edsali o n\u00e1s - CON MOTO SLOVAKIA\" \/>\n<meta property=\"og:description\" content=\"Ob\u010dianske zdru\u017eenie Spev\u00e1cky zbor Con moto organizovalo v Pre\u0161ove festival \u017eidovskej kult\u00fary \u0160alom alejchem, ktor\u00e9ho s\u00fa\u010das\u0165ou bol workshop pod veden\u00edm Mgr. art. Ladislava Palkovi\u010da. Workshop sa uskuto\u010dnil od soboty 29. 7. do pondelka 31. 7. a skon\u010dil sa v pondelok podve\u010dern\u00fdm koncertom v pre\u0161ovskej ortodoxnej synag\u00f3ge. Con moto pozvalo na workshop spev\u00e1cku verejnos\u0165 Slovenska, pre &hellip; Pokra\u010dova\u0165 v \u010d\u00edtan\u00ed &quot;Nap\u00edsali o n\u00e1s&quot;\" \/>\n<meta property=\"og:url\" content=\"https:\/\/conmotoslovakia.sk\/?page_id=117\" \/>\n<meta property=\"og:site_name\" content=\"CON MOTO SLOVAKIA\" \/>\n<meta property=\"article:publisher\" content=\"https:\/\/www.facebook.com\/groups\/1433289267001405\/\" \/>\n<meta property=\"article:modified_time\" content=\"2025-11-15T10:36:55+00:00\" \/>\n<meta property=\"og:image\" content=\"https:\/\/conmotoslovakia.sk\/wp-content\/uploads\/2025\/10\/clanok.jpg\" \/>\n\t<meta property=\"og:image:width\" content=\"1839\" \/>\n\t<meta property=\"og:image:height\" content=\"2560\" \/>\n\t<meta property=\"og:image:type\" content=\"image\/jpeg\" \/>\n<meta name=\"twitter:card\" content=\"summary_large_image\" \/>\n<meta name=\"twitter:label1\" content=\"Predpokladan\u00fd \u010das \u010d\u00edtania\" \/>\n\t<meta name=\"twitter:data1\" content=\"4 min\u00faty\" \/>\n<script type=\"application\/ld+json\" class=\"yoast-schema-graph\">{\"@context\":\"https:\\\/\\\/schema.org\",\"@graph\":[{\"@type\":\"WebPage\",\"@id\":\"https:\\\/\\\/conmotoslovakia.sk\\\/?page_id=117\",\"url\":\"https:\\\/\\\/conmotoslovakia.sk\\\/?page_id=117\",\"name\":\"Nap\u00edsali o n\u00e1s - CON MOTO SLOVAKIA\",\"isPartOf\":{\"@id\":\"https:\\\/\\\/conmotoslovakia.sk\\\/#website\"},\"primaryImageOfPage\":{\"@id\":\"https:\\\/\\\/conmotoslovakia.sk\\\/?page_id=117#primaryimage\"},\"image\":{\"@id\":\"https:\\\/\\\/conmotoslovakia.sk\\\/?page_id=117#primaryimage\"},\"thumbnailUrl\":\"https:\\\/\\\/conmotoslovakia.sk\\\/wp-content\\\/uploads\\\/2025\\\/10\\\/clanok-736x1024.jpg\",\"datePublished\":\"2020-04-13T12:04:56+00:00\",\"dateModified\":\"2025-11-15T10:36:55+00:00\",\"breadcrumb\":{\"@id\":\"https:\\\/\\\/conmotoslovakia.sk\\\/?page_id=117#breadcrumb\"},\"inLanguage\":\"sk-SK\",\"potentialAction\":[{\"@type\":\"ReadAction\",\"target\":[\"https:\\\/\\\/conmotoslovakia.sk\\\/?page_id=117\"]}]},{\"@type\":\"ImageObject\",\"inLanguage\":\"sk-SK\",\"@id\":\"https:\\\/\\\/conmotoslovakia.sk\\\/?page_id=117#primaryimage\",\"url\":\"https:\\\/\\\/conmotoslovakia.sk\\\/wp-content\\\/uploads\\\/2025\\\/10\\\/clanok.jpg\",\"contentUrl\":\"https:\\\/\\\/conmotoslovakia.sk\\\/wp-content\\\/uploads\\\/2025\\\/10\\\/clanok.jpg\",\"width\":1839,\"height\":2560},{\"@type\":\"BreadcrumbList\",\"@id\":\"https:\\\/\\\/conmotoslovakia.sk\\\/?page_id=117#breadcrumb\",\"itemListElement\":[{\"@type\":\"ListItem\",\"position\":1,\"name\":\"Home\",\"item\":\"https:\\\/\\\/conmotoslovakia.sk\\\/\"},{\"@type\":\"ListItem\",\"position\":2,\"name\":\"Nap\u00edsali o n\u00e1s\"}]},{\"@type\":\"WebSite\",\"@id\":\"https:\\\/\\\/conmotoslovakia.sk\\\/#website\",\"url\":\"https:\\\/\\\/conmotoslovakia.sk\\\/\",\"name\":\"CON MOTO SLOVAKIA\",\"description\":\"Zbor dirigentov a hudobn\u00fdch nad\u0161encov Slovenska\",\"publisher\":{\"@id\":\"https:\\\/\\\/conmotoslovakia.sk\\\/#organization\"},\"potentialAction\":[{\"@type\":\"SearchAction\",\"target\":{\"@type\":\"EntryPoint\",\"urlTemplate\":\"https:\\\/\\\/conmotoslovakia.sk\\\/?s={search_term_string}\"},\"query-input\":{\"@type\":\"PropertyValueSpecification\",\"valueRequired\":true,\"valueName\":\"search_term_string\"}}],\"inLanguage\":\"sk-SK\"},{\"@type\":\"Organization\",\"@id\":\"https:\\\/\\\/conmotoslovakia.sk\\\/#organization\",\"name\":\"CON MOTO SLOVAKIA\",\"url\":\"https:\\\/\\\/conmotoslovakia.sk\\\/\",\"logo\":{\"@type\":\"ImageObject\",\"inLanguage\":\"sk-SK\",\"@id\":\"https:\\\/\\\/conmotoslovakia.sk\\\/#\\\/schema\\\/logo\\\/image\\\/\",\"url\":\"https:\\\/\\\/conmotoslovakia.sk\\\/wp-content\\\/uploads\\\/2026\\\/01\\\/cropped-Logo.jpg\",\"contentUrl\":\"https:\\\/\\\/conmotoslovakia.sk\\\/wp-content\\\/uploads\\\/2026\\\/01\\\/cropped-Logo.jpg\",\"width\":512,\"height\":512,\"caption\":\"CON MOTO SLOVAKIA\"},\"image\":{\"@id\":\"https:\\\/\\\/conmotoslovakia.sk\\\/#\\\/schema\\\/logo\\\/image\\\/\"},\"sameAs\":[\"https:\\\/\\\/www.facebook.com\\\/groups\\\/1433289267001405\\\/\",\"https:\\\/\\\/www.instagram.com\\\/conmoto_zbor\"]}]}<\/script>\n<!-- \/ Yoast SEO plugin. -->","yoast_head_json":{"title":"Nap\u00edsali o n\u00e1s - CON MOTO SLOVAKIA","robots":{"index":"index","follow":"follow","max-snippet":"max-snippet:-1","max-image-preview":"max-image-preview:large","max-video-preview":"max-video-preview:-1"},"canonical":"https:\/\/conmotoslovakia.sk\/?page_id=117","og_locale":"sk_SK","og_type":"article","og_title":"Nap\u00edsali o n\u00e1s - CON MOTO SLOVAKIA","og_description":"Ob\u010dianske zdru\u017eenie Spev\u00e1cky zbor Con moto organizovalo v Pre\u0161ove festival \u017eidovskej kult\u00fary \u0160alom alejchem, ktor\u00e9ho s\u00fa\u010das\u0165ou bol workshop pod veden\u00edm Mgr. art. Ladislava Palkovi\u010da. Workshop sa uskuto\u010dnil od soboty 29. 7. do pondelka 31. 7. a skon\u010dil sa v pondelok podve\u010dern\u00fdm koncertom v pre\u0161ovskej ortodoxnej synag\u00f3ge. Con moto pozvalo na workshop spev\u00e1cku verejnos\u0165 Slovenska, pre &hellip; Pokra\u010dova\u0165 v \u010d\u00edtan\u00ed \"Nap\u00edsali o n\u00e1s\"","og_url":"https:\/\/conmotoslovakia.sk\/?page_id=117","og_site_name":"CON MOTO SLOVAKIA","article_publisher":"https:\/\/www.facebook.com\/groups\/1433289267001405\/","article_modified_time":"2025-11-15T10:36:55+00:00","og_image":[{"width":1839,"height":2560,"url":"https:\/\/conmotoslovakia.sk\/wp-content\/uploads\/2025\/10\/clanok.jpg","type":"image\/jpeg"}],"twitter_card":"summary_large_image","twitter_misc":{"Predpokladan\u00fd \u010das \u010d\u00edtania":"4 min\u00faty"},"schema":{"@context":"https:\/\/schema.org","@graph":[{"@type":"WebPage","@id":"https:\/\/conmotoslovakia.sk\/?page_id=117","url":"https:\/\/conmotoslovakia.sk\/?page_id=117","name":"Nap\u00edsali o n\u00e1s - CON MOTO SLOVAKIA","isPartOf":{"@id":"https:\/\/conmotoslovakia.sk\/#website"},"primaryImageOfPage":{"@id":"https:\/\/conmotoslovakia.sk\/?page_id=117#primaryimage"},"image":{"@id":"https:\/\/conmotoslovakia.sk\/?page_id=117#primaryimage"},"thumbnailUrl":"https:\/\/conmotoslovakia.sk\/wp-content\/uploads\/2025\/10\/clanok-736x1024.jpg","datePublished":"2020-04-13T12:04:56+00:00","dateModified":"2025-11-15T10:36:55+00:00","breadcrumb":{"@id":"https:\/\/conmotoslovakia.sk\/?page_id=117#breadcrumb"},"inLanguage":"sk-SK","potentialAction":[{"@type":"ReadAction","target":["https:\/\/conmotoslovakia.sk\/?page_id=117"]}]},{"@type":"ImageObject","inLanguage":"sk-SK","@id":"https:\/\/conmotoslovakia.sk\/?page_id=117#primaryimage","url":"https:\/\/conmotoslovakia.sk\/wp-content\/uploads\/2025\/10\/clanok.jpg","contentUrl":"https:\/\/conmotoslovakia.sk\/wp-content\/uploads\/2025\/10\/clanok.jpg","width":1839,"height":2560},{"@type":"BreadcrumbList","@id":"https:\/\/conmotoslovakia.sk\/?page_id=117#breadcrumb","itemListElement":[{"@type":"ListItem","position":1,"name":"Home","item":"https:\/\/conmotoslovakia.sk\/"},{"@type":"ListItem","position":2,"name":"Nap\u00edsali o n\u00e1s"}]},{"@type":"WebSite","@id":"https:\/\/conmotoslovakia.sk\/#website","url":"https:\/\/conmotoslovakia.sk\/","name":"CON MOTO SLOVAKIA","description":"Zbor dirigentov a hudobn\u00fdch nad\u0161encov Slovenska","publisher":{"@id":"https:\/\/conmotoslovakia.sk\/#organization"},"potentialAction":[{"@type":"SearchAction","target":{"@type":"EntryPoint","urlTemplate":"https:\/\/conmotoslovakia.sk\/?s={search_term_string}"},"query-input":{"@type":"PropertyValueSpecification","valueRequired":true,"valueName":"search_term_string"}}],"inLanguage":"sk-SK"},{"@type":"Organization","@id":"https:\/\/conmotoslovakia.sk\/#organization","name":"CON MOTO SLOVAKIA","url":"https:\/\/conmotoslovakia.sk\/","logo":{"@type":"ImageObject","inLanguage":"sk-SK","@id":"https:\/\/conmotoslovakia.sk\/#\/schema\/logo\/image\/","url":"https:\/\/conmotoslovakia.sk\/wp-content\/uploads\/2026\/01\/cropped-Logo.jpg","contentUrl":"https:\/\/conmotoslovakia.sk\/wp-content\/uploads\/2026\/01\/cropped-Logo.jpg","width":512,"height":512,"caption":"CON MOTO SLOVAKIA"},"image":{"@id":"https:\/\/conmotoslovakia.sk\/#\/schema\/logo\/image\/"},"sameAs":["https:\/\/www.facebook.com\/groups\/1433289267001405\/","https:\/\/www.instagram.com\/conmoto_zbor"]}]}},"_links":{"self":[{"href":"https:\/\/conmotoslovakia.sk\/index.php?rest_route=\/wp\/v2\/pages\/117","targetHints":{"allow":["GET"]}}],"collection":[{"href":"https:\/\/conmotoslovakia.sk\/index.php?rest_route=\/wp\/v2\/pages"}],"about":[{"href":"https:\/\/conmotoslovakia.sk\/index.php?rest_route=\/wp\/v2\/types\/page"}],"author":[{"embeddable":true,"href":"https:\/\/conmotoslovakia.sk\/index.php?rest_route=\/wp\/v2\/users\/1"}],"replies":[{"embeddable":true,"href":"https:\/\/conmotoslovakia.sk\/index.php?rest_route=%2Fwp%2Fv2%2Fcomments&post=117"}],"version-history":[{"count":6,"href":"https:\/\/conmotoslovakia.sk\/index.php?rest_route=\/wp\/v2\/pages\/117\/revisions"}],"predecessor-version":[{"id":1180,"href":"https:\/\/conmotoslovakia.sk\/index.php?rest_route=\/wp\/v2\/pages\/117\/revisions\/1180"}],"wp:attachment":[{"href":"https:\/\/conmotoslovakia.sk\/index.php?rest_route=%2Fwp%2Fv2%2Fmedia&parent=117"}],"curies":[{"name":"wp","href":"https:\/\/api.w.org\/{rel}","templated":true}]}}