{"id":15,"date":"2020-04-02T16:05:05","date_gmt":"2020-04-02T14:05:05","guid":{"rendered":"http:\/\/conmotoslovakia.sk\/?page_id=15"},"modified":"2024-05-24T18:21:40","modified_gmt":"2024-05-24T16:21:40","slug":"kontakt","status":"publish","type":"page","link":"https:\/\/conmotoslovakia.sk\/?page_id=15","title":{"rendered":"Kontakt"},"content":{"rendered":"\n<figure class=\"wp-block-image size-large\"><img loading=\"lazy\" decoding=\"async\" width=\"1024\" height=\"693\" src=\"https:\/\/conmotoslovakia.sk\/wp-content\/uploads\/2024\/05\/percenta-1024x693.jpg\" alt=\"\" class=\"wp-image-423\" srcset=\"https:\/\/conmotoslovakia.sk\/wp-content\/uploads\/2024\/05\/percenta-1024x693.jpg 1024w, https:\/\/conmotoslovakia.sk\/wp-content\/uploads\/2024\/05\/percenta-300x203.jpg 300w, https:\/\/conmotoslovakia.sk\/wp-content\/uploads\/2024\/05\/percenta-768x520.jpg 768w, https:\/\/conmotoslovakia.sk\/wp-content\/uploads\/2024\/05\/percenta-1536x1039.jpg 1536w, https:\/\/conmotoslovakia.sk\/wp-content\/uploads\/2024\/05\/percenta-2048x1386.jpg 2048w, https:\/\/conmotoslovakia.sk\/wp-content\/uploads\/2024\/05\/percenta-1200x812.jpg 1200w\" sizes=\"auto, (max-width: 709px) 85vw, (max-width: 909px) 67vw, (max-width: 1362px) 62vw, 840px\" \/><figcaption class=\"wp-element-caption\">Syn\u00e1goga v Ru\u017eomberku (2015)<\/figcaption><\/figure>\n\n\n\n<p><strong>Adresa\/ Address:<br><\/strong>Con moto Slovakia<br><strong>So\u0148a Grestyov\u00e1<br>Sl\u00e1vi\u010dia 2<br>Pre\u0161ov, 080 01<\/strong><br>Slovakia<\/p>\n\n\n\n<p><strong>E-mail:<\/strong><br>conmoto.slovakia{zavinac}gmail.com \/ slovensky, English<br>sonagrestyova{zavinac}gmail.com \/ slovensky, English<br>marian.bujnovsky{zavinac}gmail.com \/ slovensky<\/p>\n\n\n\n<p><strong>Telef\u00f3n \/ Telephone:<\/strong><br>(0421) (0) 918 691 573&nbsp;<strong>So\u0148a Grestyov\u00e1, Pre\u0161ov \/&nbsp;slovensky, English<\/strong><\/p>\n\n\n\n<p><strong>\u00da\u010det \/ Bank Account:<\/strong>  N\u00e1zov \u00fa\u010dtu \/ Name: Spev\u00e1cky zbor Con moto<\/p>\n\n\n\n<p>SK68 7500 0000 0040 3000 8837<\/p>\n\n\n\n<p><strong>I\u010cO: &nbsp;<\/strong><br>42385083<\/p>\n\n\n\n<iframe loading=\"lazy\" src=\"https:\/\/www.google.com\/maps\/embed?pb=!1m18!1m12!1m3!1d2618.2737230563075!2d21.225832515827637!3d48.98634819964244!2m3!1f0!2f0!3f0!3m2!1i1024!2i768!4f13.1!3m3!1m2!1s0x473ef27f879886e7%3A0x51c25bf2595ef1f3!2zU2zDoXZpxI1pYSA0MjMxLzIsIDA4MCAwMSBQcmXFoW92!5e0!3m2!1ssk!2ssk!4v1586780579243!5m2!1ssk!2ssk\" width=\"600\" height=\"450\" frameborder=\"0\" style=\"border:0;\" allowfullscreen=\"\" aria-hidden=\"false\" tabindex=\"0\"><\/iframe>\n","protected":false},"excerpt":{"rendered":"<p>Adresa\/ Address:Con moto SlovakiaSo\u0148a Grestyov\u00e1Sl\u00e1vi\u010dia 2Pre\u0161ov, 080 01Slovakia E-mail:conmoto.slovakia{zavinac}gmail.com \/ slovensky, Englishsonagrestyova{zavinac}gmail.com \/ slovensky, Englishmarian.bujnovsky{zavinac}gmail.com \/ slovensky Telef\u00f3n \/ Telephone:(0421) (0) 918 691 573&nbsp;So\u0148a Grestyov\u00e1, Pre\u0161ov \/&nbsp;slovensky, English \u00da\u010det \/ Bank Account: N\u00e1zov \u00fa\u010dtu \/ Name: Spev\u00e1cky zbor Con moto SK68 7500 0000 0040 3000 8837 I\u010cO: &nbsp;42385083<\/p>\n","protected":false},"author":1,"featured_media":0,"parent":0,"menu_order":0,"comment_status":"closed","ping_status":"closed","template":"","meta":{"footnotes":""},"class_list":["post-15","page","type-page","status-publish","hentry"],"yoast_head":"<!-- This site is optimized with the Yoast SEO plugin v27.5 - https:\/\/yoast.com\/product\/yoast-seo-wordpress\/ -->\n<title>Kontakt - CON MOTO SLOVAKIA<\/title>\n<meta name=\"robots\" content=\"index, follow, max-snippet:-1, max-image-preview:large, max-video-preview:-1\" \/>\n<link rel=\"canonical\" href=\"https:\/\/conmotoslovakia.sk\/?page_id=15\" \/>\n<meta property=\"og:locale\" content=\"sk_SK\" \/>\n<meta property=\"og:type\" content=\"article\" \/>\n<meta property=\"og:title\" content=\"Kontakt - CON MOTO SLOVAKIA\" \/>\n<meta property=\"og:description\" content=\"Adresa\/ Address:Con moto SlovakiaSo\u0148a Grestyov\u00e1Sl\u00e1vi\u010dia 2Pre\u0161ov, 080 01Slovakia E-mail:conmoto.slovakia{zavinac}gmail.com \/ slovensky, Englishsonagrestyova{zavinac}gmail.com \/ slovensky, Englishmarian.bujnovsky{zavinac}gmail.com \/ slovensky Telef\u00f3n \/ Telephone:(0421) (0) 918 691 573&nbsp;So\u0148a Grestyov\u00e1, Pre\u0161ov \/&nbsp;slovensky, English \u00da\u010det \/ Bank Account: N\u00e1zov \u00fa\u010dtu \/ Name: Spev\u00e1cky zbor Con moto SK68 7500 0000 0040 3000 8837 I\u010cO: &nbsp;42385083\" \/>\n<meta property=\"og:url\" content=\"https:\/\/conmotoslovakia.sk\/?page_id=15\" \/>\n<meta property=\"og:site_name\" content=\"CON MOTO SLOVAKIA\" \/>\n<meta property=\"article:publisher\" content=\"https:\/\/www.facebook.com\/groups\/1433289267001405\/\" \/>\n<meta property=\"article:modified_time\" content=\"2024-05-24T16:21:40+00:00\" \/>\n<meta property=\"og:image\" content=\"https:\/\/conmotoslovakia.sk\/wp-content\/uploads\/2024\/05\/percenta-1024x693.jpg\" \/>\n<meta name=\"twitter:card\" content=\"summary_large_image\" \/>\n<meta name=\"twitter:label1\" content=\"Predpokladan\u00fd \u010das \u010d\u00edtania\" \/>\n\t<meta name=\"twitter:data1\" content=\"1 min\u00fata\" \/>\n<script type=\"application\/ld+json\" class=\"yoast-schema-graph\">{\"@context\":\"https:\\\/\\\/schema.org\",\"@graph\":[{\"@type\":\"WebPage\",\"@id\":\"https:\\\/\\\/conmotoslovakia.sk\\\/?page_id=15\",\"url\":\"https:\\\/\\\/conmotoslovakia.sk\\\/?page_id=15\",\"name\":\"Kontakt - CON MOTO SLOVAKIA\",\"isPartOf\":{\"@id\":\"https:\\\/\\\/conmotoslovakia.sk\\\/#website\"},\"primaryImageOfPage\":{\"@id\":\"https:\\\/\\\/conmotoslovakia.sk\\\/?page_id=15#primaryimage\"},\"image\":{\"@id\":\"https:\\\/\\\/conmotoslovakia.sk\\\/?page_id=15#primaryimage\"},\"thumbnailUrl\":\"https:\\\/\\\/conmotoslovakia.sk\\\/wp-content\\\/uploads\\\/2024\\\/05\\\/percenta-1024x693.jpg\",\"datePublished\":\"2020-04-02T14:05:05+00:00\",\"dateModified\":\"2024-05-24T16:21:40+00:00\",\"breadcrumb\":{\"@id\":\"https:\\\/\\\/conmotoslovakia.sk\\\/?page_id=15#breadcrumb\"},\"inLanguage\":\"sk-SK\",\"potentialAction\":[{\"@type\":\"ReadAction\",\"target\":[\"https:\\\/\\\/conmotoslovakia.sk\\\/?page_id=15\"]}]},{\"@type\":\"ImageObject\",\"inLanguage\":\"sk-SK\",\"@id\":\"https:\\\/\\\/conmotoslovakia.sk\\\/?page_id=15#primaryimage\",\"url\":\"https:\\\/\\\/conmotoslovakia.sk\\\/wp-content\\\/uploads\\\/2024\\\/05\\\/percenta-scaled.jpg\",\"contentUrl\":\"https:\\\/\\\/conmotoslovakia.sk\\\/wp-content\\\/uploads\\\/2024\\\/05\\\/percenta-scaled.jpg\",\"width\":2560,\"height\":1732},{\"@type\":\"BreadcrumbList\",\"@id\":\"https:\\\/\\\/conmotoslovakia.sk\\\/?page_id=15#breadcrumb\",\"itemListElement\":[{\"@type\":\"ListItem\",\"position\":1,\"name\":\"Home\",\"item\":\"https:\\\/\\\/conmotoslovakia.sk\\\/\"},{\"@type\":\"ListItem\",\"position\":2,\"name\":\"Kontakt\"}]},{\"@type\":\"WebSite\",\"@id\":\"https:\\\/\\\/conmotoslovakia.sk\\\/#website\",\"url\":\"https:\\\/\\\/conmotoslovakia.sk\\\/\",\"name\":\"CON MOTO SLOVAKIA\",\"description\":\"Zbor dirigentov a hudobn\u00fdch nad\u0161encov Slovenska\",\"publisher\":{\"@id\":\"https:\\\/\\\/conmotoslovakia.sk\\\/#organization\"},\"potentialAction\":[{\"@type\":\"SearchAction\",\"target\":{\"@type\":\"EntryPoint\",\"urlTemplate\":\"https:\\\/\\\/conmotoslovakia.sk\\\/?s={search_term_string}\"},\"query-input\":{\"@type\":\"PropertyValueSpecification\",\"valueRequired\":true,\"valueName\":\"search_term_string\"}}],\"inLanguage\":\"sk-SK\"},{\"@type\":\"Organization\",\"@id\":\"https:\\\/\\\/conmotoslovakia.sk\\\/#organization\",\"name\":\"CON MOTO SLOVAKIA\",\"url\":\"https:\\\/\\\/conmotoslovakia.sk\\\/\",\"logo\":{\"@type\":\"ImageObject\",\"inLanguage\":\"sk-SK\",\"@id\":\"https:\\\/\\\/conmotoslovakia.sk\\\/#\\\/schema\\\/logo\\\/image\\\/\",\"url\":\"https:\\\/\\\/conmotoslovakia.sk\\\/wp-content\\\/uploads\\\/2026\\\/01\\\/cropped-Logo.jpg\",\"contentUrl\":\"https:\\\/\\\/conmotoslovakia.sk\\\/wp-content\\\/uploads\\\/2026\\\/01\\\/cropped-Logo.jpg\",\"width\":512,\"height\":512,\"caption\":\"CON MOTO SLOVAKIA\"},\"image\":{\"@id\":\"https:\\\/\\\/conmotoslovakia.sk\\\/#\\\/schema\\\/logo\\\/image\\\/\"},\"sameAs\":[\"https:\\\/\\\/www.facebook.com\\\/groups\\\/1433289267001405\\\/\",\"https:\\\/\\\/www.instagram.com\\\/conmoto_zbor\"]}]}<\/script>\n<!-- \/ Yoast SEO plugin. -->","yoast_head_json":{"title":"Kontakt - CON MOTO SLOVAKIA","robots":{"index":"index","follow":"follow","max-snippet":"max-snippet:-1","max-image-preview":"max-image-preview:large","max-video-preview":"max-video-preview:-1"},"canonical":"https:\/\/conmotoslovakia.sk\/?page_id=15","og_locale":"sk_SK","og_type":"article","og_title":"Kontakt - CON MOTO SLOVAKIA","og_description":"Adresa\/ Address:Con moto SlovakiaSo\u0148a Grestyov\u00e1Sl\u00e1vi\u010dia 2Pre\u0161ov, 080 01Slovakia E-mail:conmoto.slovakia{zavinac}gmail.com \/ slovensky, Englishsonagrestyova{zavinac}gmail.com \/ slovensky, Englishmarian.bujnovsky{zavinac}gmail.com \/ slovensky Telef\u00f3n \/ Telephone:(0421) (0) 918 691 573&nbsp;So\u0148a Grestyov\u00e1, Pre\u0161ov \/&nbsp;slovensky, English \u00da\u010det \/ Bank Account: N\u00e1zov \u00fa\u010dtu \/ Name: Spev\u00e1cky zbor Con moto SK68 7500 0000 0040 3000 8837 I\u010cO: &nbsp;42385083","og_url":"https:\/\/conmotoslovakia.sk\/?page_id=15","og_site_name":"CON MOTO SLOVAKIA","article_publisher":"https:\/\/www.facebook.com\/groups\/1433289267001405\/","article_modified_time":"2024-05-24T16:21:40+00:00","og_image":[{"url":"https:\/\/conmotoslovakia.sk\/wp-content\/uploads\/2024\/05\/percenta-1024x693.jpg","type":"","width":"","height":""}],"twitter_card":"summary_large_image","twitter_misc":{"Predpokladan\u00fd \u010das \u010d\u00edtania":"1 min\u00fata"},"schema":{"@context":"https:\/\/schema.org","@graph":[{"@type":"WebPage","@id":"https:\/\/conmotoslovakia.sk\/?page_id=15","url":"https:\/\/conmotoslovakia.sk\/?page_id=15","name":"Kontakt - CON MOTO SLOVAKIA","isPartOf":{"@id":"https:\/\/conmotoslovakia.sk\/#website"},"primaryImageOfPage":{"@id":"https:\/\/conmotoslovakia.sk\/?page_id=15#primaryimage"},"image":{"@id":"https:\/\/conmotoslovakia.sk\/?page_id=15#primaryimage"},"thumbnailUrl":"https:\/\/conmotoslovakia.sk\/wp-content\/uploads\/2024\/05\/percenta-1024x693.jpg","datePublished":"2020-04-02T14:05:05+00:00","dateModified":"2024-05-24T16:21:40+00:00","breadcrumb":{"@id":"https:\/\/conmotoslovakia.sk\/?page_id=15#breadcrumb"},"inLanguage":"sk-SK","potentialAction":[{"@type":"ReadAction","target":["https:\/\/conmotoslovakia.sk\/?page_id=15"]}]},{"@type":"ImageObject","inLanguage":"sk-SK","@id":"https:\/\/conmotoslovakia.sk\/?page_id=15#primaryimage","url":"https:\/\/conmotoslovakia.sk\/wp-content\/uploads\/2024\/05\/percenta-scaled.jpg","contentUrl":"https:\/\/conmotoslovakia.sk\/wp-content\/uploads\/2024\/05\/percenta-scaled.jpg","width":2560,"height":1732},{"@type":"BreadcrumbList","@id":"https:\/\/conmotoslovakia.sk\/?page_id=15#breadcrumb","itemListElement":[{"@type":"ListItem","position":1,"name":"Home","item":"https:\/\/conmotoslovakia.sk\/"},{"@type":"ListItem","position":2,"name":"Kontakt"}]},{"@type":"WebSite","@id":"https:\/\/conmotoslovakia.sk\/#website","url":"https:\/\/conmotoslovakia.sk\/","name":"CON MOTO SLOVAKIA","description":"Zbor dirigentov a hudobn\u00fdch nad\u0161encov Slovenska","publisher":{"@id":"https:\/\/conmotoslovakia.sk\/#organization"},"potentialAction":[{"@type":"SearchAction","target":{"@type":"EntryPoint","urlTemplate":"https:\/\/conmotoslovakia.sk\/?s={search_term_string}"},"query-input":{"@type":"PropertyValueSpecification","valueRequired":true,"valueName":"search_term_string"}}],"inLanguage":"sk-SK"},{"@type":"Organization","@id":"https:\/\/conmotoslovakia.sk\/#organization","name":"CON MOTO SLOVAKIA","url":"https:\/\/conmotoslovakia.sk\/","logo":{"@type":"ImageObject","inLanguage":"sk-SK","@id":"https:\/\/conmotoslovakia.sk\/#\/schema\/logo\/image\/","url":"https:\/\/conmotoslovakia.sk\/wp-content\/uploads\/2026\/01\/cropped-Logo.jpg","contentUrl":"https:\/\/conmotoslovakia.sk\/wp-content\/uploads\/2026\/01\/cropped-Logo.jpg","width":512,"height":512,"caption":"CON MOTO SLOVAKIA"},"image":{"@id":"https:\/\/conmotoslovakia.sk\/#\/schema\/logo\/image\/"},"sameAs":["https:\/\/www.facebook.com\/groups\/1433289267001405\/","https:\/\/www.instagram.com\/conmoto_zbor"]}]}},"_links":{"self":[{"href":"https:\/\/conmotoslovakia.sk\/index.php?rest_route=\/wp\/v2\/pages\/15","targetHints":{"allow":["GET"]}}],"collection":[{"href":"https:\/\/conmotoslovakia.sk\/index.php?rest_route=\/wp\/v2\/pages"}],"about":[{"href":"https:\/\/conmotoslovakia.sk\/index.php?rest_route=\/wp\/v2\/types\/page"}],"author":[{"embeddable":true,"href":"https:\/\/conmotoslovakia.sk\/index.php?rest_route=\/wp\/v2\/users\/1"}],"replies":[{"embeddable":true,"href":"https:\/\/conmotoslovakia.sk\/index.php?rest_route=%2Fwp%2Fv2%2Fcomments&post=15"}],"version-history":[{"count":5,"href":"https:\/\/conmotoslovakia.sk\/index.php?rest_route=\/wp\/v2\/pages\/15\/revisions"}],"predecessor-version":[{"id":427,"href":"https:\/\/conmotoslovakia.sk\/index.php?rest_route=\/wp\/v2\/pages\/15\/revisions\/427"}],"wp:attachment":[{"href":"https:\/\/conmotoslovakia.sk\/index.php?rest_route=%2Fwp%2Fv2%2Fmedia&parent=15"}],"curies":[{"name":"wp","href":"https:\/\/api.w.org\/{rel}","templated":true}]}}