{"id":257,"date":"2023-01-13T20:32:43","date_gmt":"2023-01-13T19:32:43","guid":{"rendered":"http:\/\/conmotoslovakia.sk\/?page_id=257"},"modified":"2026-02-14T16:25:58","modified_gmt":"2026-02-14T15:25:58","slug":"historia-zboru-2","status":"publish","type":"page","link":"https:\/\/conmotoslovakia.sk\/?page_id=257","title":{"rendered":"Hist\u00f3ria zboru"},"content":{"rendered":"\n<p><strong>Ako vzniklo Con moto a&nbsp;kto ho diriguje<\/strong><\/p>\n\n\n\n<p>Zbor spievaj\u00facich dirigentov Slovenska vznikol po z\u00e1vere\u010dnom koncerte letn\u00e9ho dirigentsk\u00e9ho kurzu v Rimavskej Sobote v roku 2013 s&nbsp;podporou lektorov kurzu \u0160tefana Sedlick\u00e9ho a&nbsp;Ji\u0159\u00edho Slov\u00edka. Na prv\u00fdch koncertoch v roku 2014 v Rimavskej Sobote a &nbsp;v Poprade zbor vystupoval s dirigentmi, ktor\u00ed sa striedali&nbsp; v spievan\u00ed aj v dirigovan\u00ed. \u010cesk\u00fd zbormajster&nbsp; Ji\u0159\u00ed Slov\u00edk sa ujal zboru v lete&nbsp; 2014 a&nbsp;na jeho podnet zbor prijal n\u00e1zov Con moto Slovakia. Pod jeho veden\u00edm zbor prv\u00fdkr\u00e1t koncertoval v Par\u00ed\u017ei v Chr\u00e1me St. Madeleine a v Meudone pri soche M. R. \u0160tef\u00e1nika.<\/p>\n\n\n\n<p>S\u00fa\u010dasn\u00fdm dirigentom Con moto je od roku 2023 Mari\u00e1n Bujnovsk\u00fd, absolvent V\u0160MU v&nbsp;Bratislave. Sk\u00fasenosti naberal po\u010das predch\u00e1dzaj\u00facich rokov, ke\u010f sa striedal s&nbsp;Ji\u0159\u00edm Slov\u00edkom.<\/p>\n\n\n\n<p><strong>Kto s\u00fa \u010dlenovia Con moto<\/strong><\/p>\n\n\n\n<p>Dnes m\u00e1 Con moto asi tridsa\u0165 spev\u00e1kov, av\u0161ak m\u00e1lokedy sa v\u0161etk\u00fdm podar\u00ed stretn\u00fa\u0165 sa. V&nbsp;akejko\u013evek zostave v\u0161ak vie pripravi\u0165 vyst\u00fapenie, predov\u0161etk\u00fdm po\u010das bohoslu\u017eieb v&nbsp;kostoloch r\u00f4znych vierovyznan\u00ed. Okrem dirigentov ho tvoria aj nad\u0161enci hudby z cel\u00e9ho Slovenska.<\/p>\n\n\n\n<p><strong>Kde a&nbsp;ako \u010dasto sa Con moto stret\u00e1va<\/strong><\/p>\n\n\n\n<p>Spev\u00e1ci sa sch\u00e1dzaj\u00fa na r\u00f4znych miestach Slovenska. A\u017e do obdobia pand\u00e9mie sa s\u00fastredenia konali pribli\u017ene raz za mesiac. Po pand\u00e9mii pri\u0161li nov\u00ed \u010dlenovia a&nbsp;zbor za\u010d\u00edna nanovo fungova\u0165 v&nbsp;zhruba dvojmesa\u010dn\u00fdch intervaloch.<\/p>\n\n\n\n<p>Con moto sa hl\u00e1si k inkluz\u00edvnej kult\u00fare a\u00a0jasne definuje svoj postoj k\u00a0ob\u010dianskej zodpovednosti v\u00a0boji proti extr\u00e9mizmu. Prin\u00e1\u0161a hudbu r\u00f4znych kult\u00far a od roku 2023 organizuje v\u00a0Pre\u0161ove kult\u00farny festival dobrej v\u00f4le a\u00a0pokoja \u0160alom alejchem. Con moto m\u00e1 za sebou 83 koncertov, a\u00a0tie\u017e medzin\u00e1rodn\u00e9 s\u00fa\u0165a\u017ee a\u00a0vyst\u00fapenia v zahrani\u010d\u00ed.<\/p>\n\n\n\n<p data-wp-context---core-fit-text=\"core\/fit-text::{&quot;fontSize&quot;:&quot;&quot;}\" data-wp-init---core-fit-text=\"core\/fit-text::callbacks.init\" data-wp-interactive data-wp-style--font-size=\"core\/fit-text::context.fontSize\" class=\"has-fit-text\"><strong>Medzin\u00e1rodn\u00e9 s\u00fa\u0165a\u017ee a&nbsp;vyst\u00fapenia v&nbsp;zahrani\u010d\u00ed<\/strong><\/p>\n\n\n\n<ul class=\"wp-block-list\">\n<li>Apr\u00edl 2016 &#8211; Slovakia Cantat, Bratislava<\/li>\n\n\n\n<li>J\u00fal 2016 \u2013 koncert v&nbsp;Albi, Franc\u00fazsko, Festival Internacional de M\u00fasica de Cantonigr\u00f2s, Vic, \u0160panielsko<\/li>\n\n\n\n<li>Okt\u00f3ber 2016 \u2013 Praga Cantat, Praha<\/li>\n\n\n\n<li><strong>OCENENIA NA S\u00da\u0164A\u017dIACH \/ PRIZES AT&nbsp;COMPETITIONS<\/strong><\/li>\n\n\n\n<li><strong>Slovakia Cantat, Bratislava, m\u00e1j\/May 2016Kateg\u00f3ria \u013dudov\u00e1 hudba: strieborn\u00e9 p\u00e1smo \/ Category Folk Music: Silver Band<\/strong>\n<ul class=\"wp-block-list\">\n<li><strong>Kateg\u00f3ria \u017densk\u00e9 zbory: strieborn\u00e9 p\u00e1smo&nbsp;\/ Category Women Choirs: Silver Band<\/strong><\/li>\n\n\n\n<li><strong>Kateg\u00f3ria Zmie\u0161an\u00e9 zbory: bronzov\u00e9 p\u00e1smo \/ Category Mixed Choirs: Bronze Band<\/strong><\/li>\n<\/ul>\n<\/li>\n\n\n\n<li><strong>Praga Cantat, Praha, okt\u00f3ber\/October 2016<\/strong>\n<ul class=\"wp-block-list\">\n<li><strong>Kateg\u00f3ria \u013dudov\u00e1 hudba: strieborn\u00e9 p\u00e1smo \/ Category Folk Music: Silver Band<\/strong><\/li>\n\n\n\n<li><strong>Kateg\u00f3ria Zmie\u0161an\u00e9 zbory: strieborn\u00e9 p\u00e1smo&nbsp;\/ Category Mixed Choirs: Silver Band<\/strong><\/li>\n<\/ul>\n<\/li>\n<\/ul>\n","protected":false},"excerpt":{"rendered":"<p>Ako vzniklo Con moto a&nbsp;kto ho diriguje Zbor spievaj\u00facich dirigentov Slovenska vznikol po z\u00e1vere\u010dnom koncerte letn\u00e9ho dirigentsk\u00e9ho kurzu v Rimavskej Sobote v roku 2013 s&nbsp;podporou lektorov kurzu \u0160tefana Sedlick\u00e9ho a&nbsp;Ji\u0159\u00edho Slov\u00edka. Na prv\u00fdch koncertoch v roku 2014 v Rimavskej Sobote a &nbsp;v Poprade zbor vystupoval s dirigentmi, ktor\u00ed sa striedali&nbsp; v spievan\u00ed aj v dirigovan\u00ed. &hellip; <a href=\"https:\/\/conmotoslovakia.sk\/?page_id=257\" class=\"more-link\">Pokra\u010dova\u0165 v \u010d\u00edtan\u00ed<span class=\"screen-reader-text\"> &#8222;Hist\u00f3ria zboru&#8220;<\/span><\/a><\/p>\n","protected":false},"author":1,"featured_media":0,"parent":0,"menu_order":0,"comment_status":"closed","ping_status":"closed","template":"","meta":{"footnotes":""},"class_list":["post-257","page","type-page","status-publish","hentry"],"yoast_head":"<!-- This site is optimized with the Yoast SEO plugin v27.4 - https:\/\/yoast.com\/product\/yoast-seo-wordpress\/ -->\n<title>Hist\u00f3ria zboru - CON MOTO SLOVAKIA<\/title>\n<meta name=\"robots\" content=\"index, follow, max-snippet:-1, max-image-preview:large, max-video-preview:-1\" \/>\n<link rel=\"canonical\" href=\"https:\/\/conmotoslovakia.sk\/?page_id=257\" \/>\n<meta property=\"og:locale\" content=\"sk_SK\" \/>\n<meta property=\"og:type\" content=\"article\" \/>\n<meta property=\"og:title\" content=\"Hist\u00f3ria zboru - CON MOTO SLOVAKIA\" \/>\n<meta property=\"og:description\" content=\"Ako vzniklo Con moto a&nbsp;kto ho diriguje Zbor spievaj\u00facich dirigentov Slovenska vznikol po z\u00e1vere\u010dnom koncerte letn\u00e9ho dirigentsk\u00e9ho kurzu v Rimavskej Sobote v roku 2013 s&nbsp;podporou lektorov kurzu \u0160tefana Sedlick\u00e9ho a&nbsp;Ji\u0159\u00edho Slov\u00edka. Na prv\u00fdch koncertoch v roku 2014 v Rimavskej Sobote a &nbsp;v Poprade zbor vystupoval s dirigentmi, ktor\u00ed sa striedali&nbsp; v spievan\u00ed aj v dirigovan\u00ed. &hellip; Pokra\u010dova\u0165 v \u010d\u00edtan\u00ed &quot;Hist\u00f3ria zboru&quot;\" \/>\n<meta property=\"og:url\" content=\"https:\/\/conmotoslovakia.sk\/?page_id=257\" \/>\n<meta property=\"og:site_name\" content=\"CON MOTO SLOVAKIA\" \/>\n<meta property=\"article:publisher\" content=\"https:\/\/www.facebook.com\/groups\/1433289267001405\/\" \/>\n<meta property=\"article:modified_time\" content=\"2026-02-14T15:25:58+00:00\" \/>\n<meta name=\"twitter:card\" content=\"summary_large_image\" \/>\n<meta name=\"twitter:label1\" content=\"Predpokladan\u00fd \u010das \u010d\u00edtania\" \/>\n\t<meta name=\"twitter:data1\" content=\"2 min\u00faty\" \/>\n<script type=\"application\/ld+json\" class=\"yoast-schema-graph\">{\"@context\":\"https:\\\/\\\/schema.org\",\"@graph\":[{\"@type\":\"WebPage\",\"@id\":\"https:\\\/\\\/conmotoslovakia.sk\\\/?page_id=257\",\"url\":\"https:\\\/\\\/conmotoslovakia.sk\\\/?page_id=257\",\"name\":\"Hist\u00f3ria zboru - CON MOTO SLOVAKIA\",\"isPartOf\":{\"@id\":\"https:\\\/\\\/conmotoslovakia.sk\\\/#website\"},\"datePublished\":\"2023-01-13T19:32:43+00:00\",\"dateModified\":\"2026-02-14T15:25:58+00:00\",\"breadcrumb\":{\"@id\":\"https:\\\/\\\/conmotoslovakia.sk\\\/?page_id=257#breadcrumb\"},\"inLanguage\":\"sk-SK\",\"potentialAction\":[{\"@type\":\"ReadAction\",\"target\":[\"https:\\\/\\\/conmotoslovakia.sk\\\/?page_id=257\"]}]},{\"@type\":\"BreadcrumbList\",\"@id\":\"https:\\\/\\\/conmotoslovakia.sk\\\/?page_id=257#breadcrumb\",\"itemListElement\":[{\"@type\":\"ListItem\",\"position\":1,\"name\":\"Home\",\"item\":\"https:\\\/\\\/conmotoslovakia.sk\\\/\"},{\"@type\":\"ListItem\",\"position\":2,\"name\":\"Hist\u00f3ria zboru\"}]},{\"@type\":\"WebSite\",\"@id\":\"https:\\\/\\\/conmotoslovakia.sk\\\/#website\",\"url\":\"https:\\\/\\\/conmotoslovakia.sk\\\/\",\"name\":\"CON MOTO SLOVAKIA\",\"description\":\"Zbor dirigentov a hudobn\u00fdch nad\u0161encov Slovenska\",\"publisher\":{\"@id\":\"https:\\\/\\\/conmotoslovakia.sk\\\/#organization\"},\"potentialAction\":[{\"@type\":\"SearchAction\",\"target\":{\"@type\":\"EntryPoint\",\"urlTemplate\":\"https:\\\/\\\/conmotoslovakia.sk\\\/?s={search_term_string}\"},\"query-input\":{\"@type\":\"PropertyValueSpecification\",\"valueRequired\":true,\"valueName\":\"search_term_string\"}}],\"inLanguage\":\"sk-SK\"},{\"@type\":\"Organization\",\"@id\":\"https:\\\/\\\/conmotoslovakia.sk\\\/#organization\",\"name\":\"CON MOTO SLOVAKIA\",\"url\":\"https:\\\/\\\/conmotoslovakia.sk\\\/\",\"logo\":{\"@type\":\"ImageObject\",\"inLanguage\":\"sk-SK\",\"@id\":\"https:\\\/\\\/conmotoslovakia.sk\\\/#\\\/schema\\\/logo\\\/image\\\/\",\"url\":\"https:\\\/\\\/conmotoslovakia.sk\\\/wp-content\\\/uploads\\\/2026\\\/01\\\/cropped-Logo.jpg\",\"contentUrl\":\"https:\\\/\\\/conmotoslovakia.sk\\\/wp-content\\\/uploads\\\/2026\\\/01\\\/cropped-Logo.jpg\",\"width\":512,\"height\":512,\"caption\":\"CON MOTO SLOVAKIA\"},\"image\":{\"@id\":\"https:\\\/\\\/conmotoslovakia.sk\\\/#\\\/schema\\\/logo\\\/image\\\/\"},\"sameAs\":[\"https:\\\/\\\/www.facebook.com\\\/groups\\\/1433289267001405\\\/\",\"https:\\\/\\\/www.instagram.com\\\/conmoto_zbor\"]}]}<\/script>\n<!-- \/ Yoast SEO plugin. -->","yoast_head_json":{"title":"Hist\u00f3ria zboru - CON MOTO SLOVAKIA","robots":{"index":"index","follow":"follow","max-snippet":"max-snippet:-1","max-image-preview":"max-image-preview:large","max-video-preview":"max-video-preview:-1"},"canonical":"https:\/\/conmotoslovakia.sk\/?page_id=257","og_locale":"sk_SK","og_type":"article","og_title":"Hist\u00f3ria zboru - CON MOTO SLOVAKIA","og_description":"Ako vzniklo Con moto a&nbsp;kto ho diriguje Zbor spievaj\u00facich dirigentov Slovenska vznikol po z\u00e1vere\u010dnom koncerte letn\u00e9ho dirigentsk\u00e9ho kurzu v Rimavskej Sobote v roku 2013 s&nbsp;podporou lektorov kurzu \u0160tefana Sedlick\u00e9ho a&nbsp;Ji\u0159\u00edho Slov\u00edka. Na prv\u00fdch koncertoch v roku 2014 v Rimavskej Sobote a &nbsp;v Poprade zbor vystupoval s dirigentmi, ktor\u00ed sa striedali&nbsp; v spievan\u00ed aj v dirigovan\u00ed. &hellip; Pokra\u010dova\u0165 v \u010d\u00edtan\u00ed \"Hist\u00f3ria zboru\"","og_url":"https:\/\/conmotoslovakia.sk\/?page_id=257","og_site_name":"CON MOTO SLOVAKIA","article_publisher":"https:\/\/www.facebook.com\/groups\/1433289267001405\/","article_modified_time":"2026-02-14T15:25:58+00:00","twitter_card":"summary_large_image","twitter_misc":{"Predpokladan\u00fd \u010das \u010d\u00edtania":"2 min\u00faty"},"schema":{"@context":"https:\/\/schema.org","@graph":[{"@type":"WebPage","@id":"https:\/\/conmotoslovakia.sk\/?page_id=257","url":"https:\/\/conmotoslovakia.sk\/?page_id=257","name":"Hist\u00f3ria zboru - CON MOTO SLOVAKIA","isPartOf":{"@id":"https:\/\/conmotoslovakia.sk\/#website"},"datePublished":"2023-01-13T19:32:43+00:00","dateModified":"2026-02-14T15:25:58+00:00","breadcrumb":{"@id":"https:\/\/conmotoslovakia.sk\/?page_id=257#breadcrumb"},"inLanguage":"sk-SK","potentialAction":[{"@type":"ReadAction","target":["https:\/\/conmotoslovakia.sk\/?page_id=257"]}]},{"@type":"BreadcrumbList","@id":"https:\/\/conmotoslovakia.sk\/?page_id=257#breadcrumb","itemListElement":[{"@type":"ListItem","position":1,"name":"Home","item":"https:\/\/conmotoslovakia.sk\/"},{"@type":"ListItem","position":2,"name":"Hist\u00f3ria zboru"}]},{"@type":"WebSite","@id":"https:\/\/conmotoslovakia.sk\/#website","url":"https:\/\/conmotoslovakia.sk\/","name":"CON MOTO SLOVAKIA","description":"Zbor dirigentov a hudobn\u00fdch nad\u0161encov Slovenska","publisher":{"@id":"https:\/\/conmotoslovakia.sk\/#organization"},"potentialAction":[{"@type":"SearchAction","target":{"@type":"EntryPoint","urlTemplate":"https:\/\/conmotoslovakia.sk\/?s={search_term_string}"},"query-input":{"@type":"PropertyValueSpecification","valueRequired":true,"valueName":"search_term_string"}}],"inLanguage":"sk-SK"},{"@type":"Organization","@id":"https:\/\/conmotoslovakia.sk\/#organization","name":"CON MOTO SLOVAKIA","url":"https:\/\/conmotoslovakia.sk\/","logo":{"@type":"ImageObject","inLanguage":"sk-SK","@id":"https:\/\/conmotoslovakia.sk\/#\/schema\/logo\/image\/","url":"https:\/\/conmotoslovakia.sk\/wp-content\/uploads\/2026\/01\/cropped-Logo.jpg","contentUrl":"https:\/\/conmotoslovakia.sk\/wp-content\/uploads\/2026\/01\/cropped-Logo.jpg","width":512,"height":512,"caption":"CON MOTO SLOVAKIA"},"image":{"@id":"https:\/\/conmotoslovakia.sk\/#\/schema\/logo\/image\/"},"sameAs":["https:\/\/www.facebook.com\/groups\/1433289267001405\/","https:\/\/www.instagram.com\/conmoto_zbor"]}]}},"_links":{"self":[{"href":"https:\/\/conmotoslovakia.sk\/index.php?rest_route=\/wp\/v2\/pages\/257","targetHints":{"allow":["GET"]}}],"collection":[{"href":"https:\/\/conmotoslovakia.sk\/index.php?rest_route=\/wp\/v2\/pages"}],"about":[{"href":"https:\/\/conmotoslovakia.sk\/index.php?rest_route=\/wp\/v2\/types\/page"}],"author":[{"embeddable":true,"href":"https:\/\/conmotoslovakia.sk\/index.php?rest_route=\/wp\/v2\/users\/1"}],"replies":[{"embeddable":true,"href":"https:\/\/conmotoslovakia.sk\/index.php?rest_route=%2Fwp%2Fv2%2Fcomments&post=257"}],"version-history":[{"count":4,"href":"https:\/\/conmotoslovakia.sk\/index.php?rest_route=\/wp\/v2\/pages\/257\/revisions"}],"predecessor-version":[{"id":1281,"href":"https:\/\/conmotoslovakia.sk\/index.php?rest_route=\/wp\/v2\/pages\/257\/revisions\/1281"}],"wp:attachment":[{"href":"https:\/\/conmotoslovakia.sk\/index.php?rest_route=%2Fwp%2Fv2%2Fmedia&parent=257"}],"curies":[{"name":"wp","href":"https:\/\/api.w.org\/{rel}","templated":true}]}}