{"id":373,"date":"2023-11-07T14:09:41","date_gmt":"2023-11-07T13:09:41","guid":{"rendered":"https:\/\/conmotoslovakia.sk\/?page_id=373"},"modified":"2024-10-13T11:24:22","modified_gmt":"2024-10-13T09:24:22","slug":"salom-alejchem","status":"publish","type":"page","link":"https:\/\/conmotoslovakia.sk\/?page_id=373","title":{"rendered":"\u0160alom alejchem 2023"},"content":{"rendered":"\n<figure class=\"wp-block-image size-large\"><img loading=\"lazy\" decoding=\"async\" width=\"865\" height=\"1024\" src=\"https:\/\/conmotoslovakia.sk\/wp-content\/uploads\/2023\/11\/Shalom_aleichem_logo_reloaded2-865x1024.png\" alt=\"\" class=\"wp-image-375\" srcset=\"https:\/\/conmotoslovakia.sk\/wp-content\/uploads\/2023\/11\/Shalom_aleichem_logo_reloaded2-865x1024.png 865w, https:\/\/conmotoslovakia.sk\/wp-content\/uploads\/2023\/11\/Shalom_aleichem_logo_reloaded2-253x300.png 253w, https:\/\/conmotoslovakia.sk\/wp-content\/uploads\/2023\/11\/Shalom_aleichem_logo_reloaded2-768x910.png 768w, https:\/\/conmotoslovakia.sk\/wp-content\/uploads\/2023\/11\/Shalom_aleichem_logo_reloaded2-1297x1536.png 1297w, https:\/\/conmotoslovakia.sk\/wp-content\/uploads\/2023\/11\/Shalom_aleichem_logo_reloaded2-1729x2048.png 1729w, https:\/\/conmotoslovakia.sk\/wp-content\/uploads\/2023\/11\/Shalom_aleichem_logo_reloaded2-1200x1421.png 1200w\" sizes=\"auto, (max-width: 709px) 85vw, (max-width: 909px) 67vw, (max-width: 1362px) 62vw, 840px\" \/><\/figure>\n\n\n\n<figure class=\"wp-block-image size-large\"><img loading=\"lazy\" decoding=\"async\" width=\"1024\" height=\"683\" src=\"https:\/\/conmotoslovakia.sk\/wp-content\/uploads\/2023\/11\/Fotka-DIRIGENT-1024x683.jpg\" alt=\"\" class=\"wp-image-378\" srcset=\"https:\/\/conmotoslovakia.sk\/wp-content\/uploads\/2023\/11\/Fotka-DIRIGENT-1024x683.jpg 1024w, https:\/\/conmotoslovakia.sk\/wp-content\/uploads\/2023\/11\/Fotka-DIRIGENT-300x200.jpg 300w, https:\/\/conmotoslovakia.sk\/wp-content\/uploads\/2023\/11\/Fotka-DIRIGENT-768x512.jpg 768w, https:\/\/conmotoslovakia.sk\/wp-content\/uploads\/2023\/11\/Fotka-DIRIGENT-1536x1024.jpg 1536w, https:\/\/conmotoslovakia.sk\/wp-content\/uploads\/2023\/11\/Fotka-DIRIGENT-2048x1365.jpg 2048w, https:\/\/conmotoslovakia.sk\/wp-content\/uploads\/2023\/11\/Fotka-DIRIGENT-1200x800.jpg 1200w\" sizes=\"auto, (max-width: 709px) 85vw, (max-width: 909px) 67vw, (max-width: 1362px) 62vw, 840px\" \/><\/figure>\n\n\n\n<p>\u0160alom alejchem je medzin\u00e1rodn\u00fd multi\u017e\u00e1nrov\u00fd mestsk\u00fd umeleck\u00fd festival, ktor\u00fd o\u017eivuje pestros\u0165, kr\u00e1su a h\u013abku \u017eidovskej trad\u00edcie a kult\u00fary.<\/p>\n\n\n\n<p>Festival prep\u00e1ja komunity a \u013eud\u00ed, ktor\u00ed nezab\u00fadaj\u00fa na \u017eidovsk\u00fa kult\u00faru, ke\u010f\u017ee t\u00e1to bola po st\u00e1ro\u010dia integr\u00e1lnou s\u00fa\u010das\u0165ou \u017eivota mesta a kraja. Prostredn\u00edctvom umenia \u2013 najm\u00e4 hudby, literat\u00fary, divadla \u2013 koncertov, predn\u00e1\u0161ok, diskusi\u00ed a workshopov pl\u00e1nuje festival o\u017eivova\u0165 a pripom\u00edna\u0165 trad\u00edcie sp\u00e4t\u00e9 so \u017eidovsk\u00fdmi komunitami z \u00fazemia Pre\u0161ovsk\u00e9ho kraja s prepojen\u00edm na komunity v&nbsp;zahrani\u010d\u00ed. Festival odkr\u00fdva zabudnut\u00e9 osudy \u013eud\u00ed, v\u00fdznamn\u00fdch osobnost\u00ed, ktor\u00e9 z t\u00fdchto komun\u00edt vzi\u0161li, pripom\u00edna obete totalitn\u00fdch re\u017eimov a upozor\u0148uje na n\u00e1strahy antisemitizmu, xenof\u00f3bie a extr\u00e9mizmu.<\/p>\n\n\n\n<p>\u017dijeme na rozvalin\u00e1ch 20. storo\u010dia. Festival \u0160alom alejchem chce by\u0165 apelom na svedomie \u017eiv\u00fdch, ke\u010f poukazuje na pr\u00e1zdnotu, ktor\u00e1 tu ostala po transportoch diev\u010dat zo \u0161ari\u0161skej \u017eupy do Osvien\u010dimu, po deport\u00e1ci\u00e1ch ich rod\u00edn, priate\u013eov a zn\u00e1mych do koncentra\u010dn\u00fdch t\u00e1borov. Nech sm\u00fatok, hnev a bezn\u00e1dej vystrieda n\u00e1dej \u2013 n\u00e1dej, \u017ee sa tieto a podobn\u00e9 zverstv\u00e1 nebud\u00fa v na\u0161ej obci, meste, kraji, na Slovensku opakova\u0165. Nech teda do n\u00e1dhernej ortodoxnej synag\u00f3gy v Pre\u0161ove \u010di na \u010fal\u0161ie miesta konania festivalu vst\u00fapia m\u00fazy, aby n\u00e1m pomohli preklen\u00fa\u0165 konflikty \u010di nen\u00e1vis\u0165, aby n\u00e1s in\u0161pirovali a nau\u010dili \u017ei\u0165 spolo\u010dne v pokoji a r\u00f4znorodosti. \u0160alom alejchem!<\/p>\n\n\n\n<figure class=\"wp-block-image size-large\"><img loading=\"lazy\" decoding=\"async\" width=\"1024\" height=\"768\" src=\"https:\/\/conmotoslovakia.sk\/wp-content\/uploads\/2023\/11\/Spevacky-workshop-nacvik-v-Dvorane-1024x768.jpg\" alt=\"\" class=\"wp-image-380\" srcset=\"https:\/\/conmotoslovakia.sk\/wp-content\/uploads\/2023\/11\/Spevacky-workshop-nacvik-v-Dvorane-1024x768.jpg 1024w, https:\/\/conmotoslovakia.sk\/wp-content\/uploads\/2023\/11\/Spevacky-workshop-nacvik-v-Dvorane-300x225.jpg 300w, https:\/\/conmotoslovakia.sk\/wp-content\/uploads\/2023\/11\/Spevacky-workshop-nacvik-v-Dvorane-768x576.jpg 768w, https:\/\/conmotoslovakia.sk\/wp-content\/uploads\/2023\/11\/Spevacky-workshop-nacvik-v-Dvorane-1536x1152.jpg 1536w, https:\/\/conmotoslovakia.sk\/wp-content\/uploads\/2023\/11\/Spevacky-workshop-nacvik-v-Dvorane-1200x900.jpg 1200w, https:\/\/conmotoslovakia.sk\/wp-content\/uploads\/2023\/11\/Spevacky-workshop-nacvik-v-Dvorane.jpg 2048w\" sizes=\"auto, (max-width: 709px) 85vw, (max-width: 909px) 67vw, (max-width: 1362px) 62vw, 840px\" \/><\/figure>\n","protected":false},"excerpt":{"rendered":"<p>\u0160alom alejchem je medzin\u00e1rodn\u00fd multi\u017e\u00e1nrov\u00fd mestsk\u00fd umeleck\u00fd festival, ktor\u00fd o\u017eivuje pestros\u0165, kr\u00e1su a h\u013abku \u017eidovskej trad\u00edcie a kult\u00fary. Festival prep\u00e1ja komunity a \u013eud\u00ed, ktor\u00ed nezab\u00fadaj\u00fa na \u017eidovsk\u00fa kult\u00faru, ke\u010f\u017ee t\u00e1to bola po st\u00e1ro\u010dia integr\u00e1lnou s\u00fa\u010das\u0165ou \u017eivota mesta a kraja. Prostredn\u00edctvom umenia \u2013 najm\u00e4 hudby, literat\u00fary, divadla \u2013 koncertov, predn\u00e1\u0161ok, diskusi\u00ed a workshopov pl\u00e1nuje festival o\u017eivova\u0165 &hellip; <a href=\"https:\/\/conmotoslovakia.sk\/?page_id=373\" class=\"more-link\">Pokra\u010dova\u0165 v \u010d\u00edtan\u00ed<span class=\"screen-reader-text\"> &#8222;\u0160alom alejchem 2023&#8220;<\/span><\/a><\/p>\n","protected":false},"author":1,"featured_media":0,"parent":0,"menu_order":0,"comment_status":"closed","ping_status":"closed","template":"","meta":{"footnotes":""},"class_list":["post-373","page","type-page","status-publish","hentry"],"yoast_head":"<!-- This site is optimized with the Yoast SEO plugin v27.4 - https:\/\/yoast.com\/product\/yoast-seo-wordpress\/ -->\n<title>\u0160alom alejchem 2023 - CON MOTO SLOVAKIA<\/title>\n<meta name=\"robots\" content=\"index, follow, max-snippet:-1, max-image-preview:large, max-video-preview:-1\" \/>\n<link rel=\"canonical\" href=\"https:\/\/conmotoslovakia.sk\/?page_id=373\" \/>\n<meta property=\"og:locale\" content=\"sk_SK\" \/>\n<meta property=\"og:type\" content=\"article\" \/>\n<meta property=\"og:title\" content=\"\u0160alom alejchem 2023 - CON MOTO SLOVAKIA\" \/>\n<meta property=\"og:description\" content=\"\u0160alom alejchem je medzin\u00e1rodn\u00fd multi\u017e\u00e1nrov\u00fd mestsk\u00fd umeleck\u00fd festival, ktor\u00fd o\u017eivuje pestros\u0165, kr\u00e1su a h\u013abku \u017eidovskej trad\u00edcie a kult\u00fary. Festival prep\u00e1ja komunity a \u013eud\u00ed, ktor\u00ed nezab\u00fadaj\u00fa na \u017eidovsk\u00fa kult\u00faru, ke\u010f\u017ee t\u00e1to bola po st\u00e1ro\u010dia integr\u00e1lnou s\u00fa\u010das\u0165ou \u017eivota mesta a kraja. Prostredn\u00edctvom umenia \u2013 najm\u00e4 hudby, literat\u00fary, divadla \u2013 koncertov, predn\u00e1\u0161ok, diskusi\u00ed a workshopov pl\u00e1nuje festival o\u017eivova\u0165 &hellip; Pokra\u010dova\u0165 v \u010d\u00edtan\u00ed &quot;\u0160alom alejchem 2023&quot;\" \/>\n<meta property=\"og:url\" content=\"https:\/\/conmotoslovakia.sk\/?page_id=373\" \/>\n<meta property=\"og:site_name\" content=\"CON MOTO SLOVAKIA\" \/>\n<meta property=\"article:publisher\" content=\"https:\/\/www.facebook.com\/groups\/1433289267001405\/\" \/>\n<meta property=\"article:modified_time\" content=\"2024-10-13T09:24:22+00:00\" \/>\n<meta property=\"og:image\" content=\"https:\/\/conmotoslovakia.sk\/wp-content\/uploads\/2023\/11\/Shalom_aleichem_logo_reloaded2.png\" \/>\n\t<meta property=\"og:image:width\" content=\"2512\" \/>\n\t<meta property=\"og:image:height\" content=\"2975\" \/>\n\t<meta property=\"og:image:type\" content=\"image\/png\" \/>\n<meta name=\"twitter:card\" content=\"summary_large_image\" \/>\n<meta name=\"twitter:label1\" content=\"Predpokladan\u00fd \u010das \u010d\u00edtania\" \/>\n\t<meta name=\"twitter:data1\" content=\"2 min\u00faty\" \/>\n<script type=\"application\/ld+json\" class=\"yoast-schema-graph\">{\"@context\":\"https:\\\/\\\/schema.org\",\"@graph\":[{\"@type\":\"WebPage\",\"@id\":\"https:\\\/\\\/conmotoslovakia.sk\\\/?page_id=373\",\"url\":\"https:\\\/\\\/conmotoslovakia.sk\\\/?page_id=373\",\"name\":\"\u0160alom alejchem 2023 - CON MOTO SLOVAKIA\",\"isPartOf\":{\"@id\":\"https:\\\/\\\/conmotoslovakia.sk\\\/#website\"},\"primaryImageOfPage\":{\"@id\":\"https:\\\/\\\/conmotoslovakia.sk\\\/?page_id=373#primaryimage\"},\"image\":{\"@id\":\"https:\\\/\\\/conmotoslovakia.sk\\\/?page_id=373#primaryimage\"},\"thumbnailUrl\":\"https:\\\/\\\/conmotoslovakia.sk\\\/wp-content\\\/uploads\\\/2023\\\/11\\\/Shalom_aleichem_logo_reloaded2-865x1024.png\",\"datePublished\":\"2023-11-07T13:09:41+00:00\",\"dateModified\":\"2024-10-13T09:24:22+00:00\",\"breadcrumb\":{\"@id\":\"https:\\\/\\\/conmotoslovakia.sk\\\/?page_id=373#breadcrumb\"},\"inLanguage\":\"sk-SK\",\"potentialAction\":[{\"@type\":\"ReadAction\",\"target\":[\"https:\\\/\\\/conmotoslovakia.sk\\\/?page_id=373\"]}]},{\"@type\":\"ImageObject\",\"inLanguage\":\"sk-SK\",\"@id\":\"https:\\\/\\\/conmotoslovakia.sk\\\/?page_id=373#primaryimage\",\"url\":\"https:\\\/\\\/conmotoslovakia.sk\\\/wp-content\\\/uploads\\\/2023\\\/11\\\/Shalom_aleichem_logo_reloaded2.png\",\"contentUrl\":\"https:\\\/\\\/conmotoslovakia.sk\\\/wp-content\\\/uploads\\\/2023\\\/11\\\/Shalom_aleichem_logo_reloaded2.png\",\"width\":2512,\"height\":2975},{\"@type\":\"BreadcrumbList\",\"@id\":\"https:\\\/\\\/conmotoslovakia.sk\\\/?page_id=373#breadcrumb\",\"itemListElement\":[{\"@type\":\"ListItem\",\"position\":1,\"name\":\"Home\",\"item\":\"https:\\\/\\\/conmotoslovakia.sk\\\/\"},{\"@type\":\"ListItem\",\"position\":2,\"name\":\"\u0160alom alejchem 2023\"}]},{\"@type\":\"WebSite\",\"@id\":\"https:\\\/\\\/conmotoslovakia.sk\\\/#website\",\"url\":\"https:\\\/\\\/conmotoslovakia.sk\\\/\",\"name\":\"CON MOTO SLOVAKIA\",\"description\":\"Zbor dirigentov a hudobn\u00fdch nad\u0161encov Slovenska\",\"publisher\":{\"@id\":\"https:\\\/\\\/conmotoslovakia.sk\\\/#organization\"},\"potentialAction\":[{\"@type\":\"SearchAction\",\"target\":{\"@type\":\"EntryPoint\",\"urlTemplate\":\"https:\\\/\\\/conmotoslovakia.sk\\\/?s={search_term_string}\"},\"query-input\":{\"@type\":\"PropertyValueSpecification\",\"valueRequired\":true,\"valueName\":\"search_term_string\"}}],\"inLanguage\":\"sk-SK\"},{\"@type\":\"Organization\",\"@id\":\"https:\\\/\\\/conmotoslovakia.sk\\\/#organization\",\"name\":\"CON MOTO SLOVAKIA\",\"url\":\"https:\\\/\\\/conmotoslovakia.sk\\\/\",\"logo\":{\"@type\":\"ImageObject\",\"inLanguage\":\"sk-SK\",\"@id\":\"https:\\\/\\\/conmotoslovakia.sk\\\/#\\\/schema\\\/logo\\\/image\\\/\",\"url\":\"https:\\\/\\\/conmotoslovakia.sk\\\/wp-content\\\/uploads\\\/2026\\\/01\\\/cropped-Logo.jpg\",\"contentUrl\":\"https:\\\/\\\/conmotoslovakia.sk\\\/wp-content\\\/uploads\\\/2026\\\/01\\\/cropped-Logo.jpg\",\"width\":512,\"height\":512,\"caption\":\"CON MOTO SLOVAKIA\"},\"image\":{\"@id\":\"https:\\\/\\\/conmotoslovakia.sk\\\/#\\\/schema\\\/logo\\\/image\\\/\"},\"sameAs\":[\"https:\\\/\\\/www.facebook.com\\\/groups\\\/1433289267001405\\\/\",\"https:\\\/\\\/www.instagram.com\\\/conmoto_zbor\"]}]}<\/script>\n<!-- \/ Yoast SEO plugin. -->","yoast_head_json":{"title":"\u0160alom alejchem 2023 - CON MOTO SLOVAKIA","robots":{"index":"index","follow":"follow","max-snippet":"max-snippet:-1","max-image-preview":"max-image-preview:large","max-video-preview":"max-video-preview:-1"},"canonical":"https:\/\/conmotoslovakia.sk\/?page_id=373","og_locale":"sk_SK","og_type":"article","og_title":"\u0160alom alejchem 2023 - CON MOTO SLOVAKIA","og_description":"\u0160alom alejchem je medzin\u00e1rodn\u00fd multi\u017e\u00e1nrov\u00fd mestsk\u00fd umeleck\u00fd festival, ktor\u00fd o\u017eivuje pestros\u0165, kr\u00e1su a h\u013abku \u017eidovskej trad\u00edcie a kult\u00fary. Festival prep\u00e1ja komunity a \u013eud\u00ed, ktor\u00ed nezab\u00fadaj\u00fa na \u017eidovsk\u00fa kult\u00faru, ke\u010f\u017ee t\u00e1to bola po st\u00e1ro\u010dia integr\u00e1lnou s\u00fa\u010das\u0165ou \u017eivota mesta a kraja. Prostredn\u00edctvom umenia \u2013 najm\u00e4 hudby, literat\u00fary, divadla \u2013 koncertov, predn\u00e1\u0161ok, diskusi\u00ed a workshopov pl\u00e1nuje festival o\u017eivova\u0165 &hellip; Pokra\u010dova\u0165 v \u010d\u00edtan\u00ed \"\u0160alom alejchem 2023\"","og_url":"https:\/\/conmotoslovakia.sk\/?page_id=373","og_site_name":"CON MOTO SLOVAKIA","article_publisher":"https:\/\/www.facebook.com\/groups\/1433289267001405\/","article_modified_time":"2024-10-13T09:24:22+00:00","og_image":[{"width":2512,"height":2975,"url":"https:\/\/conmotoslovakia.sk\/wp-content\/uploads\/2023\/11\/Shalom_aleichem_logo_reloaded2.png","type":"image\/png"}],"twitter_card":"summary_large_image","twitter_misc":{"Predpokladan\u00fd \u010das \u010d\u00edtania":"2 min\u00faty"},"schema":{"@context":"https:\/\/schema.org","@graph":[{"@type":"WebPage","@id":"https:\/\/conmotoslovakia.sk\/?page_id=373","url":"https:\/\/conmotoslovakia.sk\/?page_id=373","name":"\u0160alom alejchem 2023 - CON MOTO SLOVAKIA","isPartOf":{"@id":"https:\/\/conmotoslovakia.sk\/#website"},"primaryImageOfPage":{"@id":"https:\/\/conmotoslovakia.sk\/?page_id=373#primaryimage"},"image":{"@id":"https:\/\/conmotoslovakia.sk\/?page_id=373#primaryimage"},"thumbnailUrl":"https:\/\/conmotoslovakia.sk\/wp-content\/uploads\/2023\/11\/Shalom_aleichem_logo_reloaded2-865x1024.png","datePublished":"2023-11-07T13:09:41+00:00","dateModified":"2024-10-13T09:24:22+00:00","breadcrumb":{"@id":"https:\/\/conmotoslovakia.sk\/?page_id=373#breadcrumb"},"inLanguage":"sk-SK","potentialAction":[{"@type":"ReadAction","target":["https:\/\/conmotoslovakia.sk\/?page_id=373"]}]},{"@type":"ImageObject","inLanguage":"sk-SK","@id":"https:\/\/conmotoslovakia.sk\/?page_id=373#primaryimage","url":"https:\/\/conmotoslovakia.sk\/wp-content\/uploads\/2023\/11\/Shalom_aleichem_logo_reloaded2.png","contentUrl":"https:\/\/conmotoslovakia.sk\/wp-content\/uploads\/2023\/11\/Shalom_aleichem_logo_reloaded2.png","width":2512,"height":2975},{"@type":"BreadcrumbList","@id":"https:\/\/conmotoslovakia.sk\/?page_id=373#breadcrumb","itemListElement":[{"@type":"ListItem","position":1,"name":"Home","item":"https:\/\/conmotoslovakia.sk\/"},{"@type":"ListItem","position":2,"name":"\u0160alom alejchem 2023"}]},{"@type":"WebSite","@id":"https:\/\/conmotoslovakia.sk\/#website","url":"https:\/\/conmotoslovakia.sk\/","name":"CON MOTO SLOVAKIA","description":"Zbor dirigentov a hudobn\u00fdch nad\u0161encov Slovenska","publisher":{"@id":"https:\/\/conmotoslovakia.sk\/#organization"},"potentialAction":[{"@type":"SearchAction","target":{"@type":"EntryPoint","urlTemplate":"https:\/\/conmotoslovakia.sk\/?s={search_term_string}"},"query-input":{"@type":"PropertyValueSpecification","valueRequired":true,"valueName":"search_term_string"}}],"inLanguage":"sk-SK"},{"@type":"Organization","@id":"https:\/\/conmotoslovakia.sk\/#organization","name":"CON MOTO SLOVAKIA","url":"https:\/\/conmotoslovakia.sk\/","logo":{"@type":"ImageObject","inLanguage":"sk-SK","@id":"https:\/\/conmotoslovakia.sk\/#\/schema\/logo\/image\/","url":"https:\/\/conmotoslovakia.sk\/wp-content\/uploads\/2026\/01\/cropped-Logo.jpg","contentUrl":"https:\/\/conmotoslovakia.sk\/wp-content\/uploads\/2026\/01\/cropped-Logo.jpg","width":512,"height":512,"caption":"CON MOTO SLOVAKIA"},"image":{"@id":"https:\/\/conmotoslovakia.sk\/#\/schema\/logo\/image\/"},"sameAs":["https:\/\/www.facebook.com\/groups\/1433289267001405\/","https:\/\/www.instagram.com\/conmoto_zbor"]}]}},"_links":{"self":[{"href":"https:\/\/conmotoslovakia.sk\/index.php?rest_route=\/wp\/v2\/pages\/373","targetHints":{"allow":["GET"]}}],"collection":[{"href":"https:\/\/conmotoslovakia.sk\/index.php?rest_route=\/wp\/v2\/pages"}],"about":[{"href":"https:\/\/conmotoslovakia.sk\/index.php?rest_route=\/wp\/v2\/types\/page"}],"author":[{"embeddable":true,"href":"https:\/\/conmotoslovakia.sk\/index.php?rest_route=\/wp\/v2\/users\/1"}],"replies":[{"embeddable":true,"href":"https:\/\/conmotoslovakia.sk\/index.php?rest_route=%2Fwp%2Fv2%2Fcomments&post=373"}],"version-history":[{"count":4,"href":"https:\/\/conmotoslovakia.sk\/index.php?rest_route=\/wp\/v2\/pages\/373\/revisions"}],"predecessor-version":[{"id":597,"href":"https:\/\/conmotoslovakia.sk\/index.php?rest_route=\/wp\/v2\/pages\/373\/revisions\/597"}],"wp:attachment":[{"href":"https:\/\/conmotoslovakia.sk\/index.php?rest_route=%2Fwp%2Fv2%2Fmedia&parent=373"}],"curies":[{"name":"wp","href":"https:\/\/api.w.org\/{rel}","templated":true}]}}