{"id":438,"date":"2024-06-24T08:00:21","date_gmt":"2024-06-24T06:00:21","guid":{"rendered":"https:\/\/conmotoslovakia.sk\/?page_id=438"},"modified":"2025-01-29T06:24:23","modified_gmt":"2025-01-29T05:24:23","slug":"koncert","status":"publish","type":"page","link":"https:\/\/conmotoslovakia.sk\/?page_id=438","title":{"rendered":"Pr\u00e1zdna stoli\u010dka 2024"},"content":{"rendered":"\n<p>Spev\u00e1cky zbor Con moto s celoslovenskou p\u00f4sobnos\u0165ou a so s\u00eddlom v Pre\u0161ove organizoval v auguste u\u017e druh\u00fd ro\u010dn\u00edk Festivalu \u017eidovskej kult\u00fary \u0160alom alejchem s finan\u010dnou podporou Pre\u0161ovsk\u00e9ho samospr\u00e1vneho kraja vo v\u00fd\u0161ke 4000 Eur.<br>Sme ve\u013emi v\u010fa\u010dn\u00ed, \u017ee PSK podporuje tak\u00e9to projekty a \u017ee n\u00e1\u0161 festival u\u017e m\u00e1 v kraji, ale aj na Slovensku, svoje meno. \u00da\u010dastn\u00edci workshopov toti\u017e boli aj z KSK, BBSK, BSK a TSK. Nezab\u00fadame na kult\u00faru, ktor\u00e1 bola, a v\u010faka podujatiam ako je na\u0161e, aj je a bude, integr\u00e1lnou s\u00fa\u010das\u0165ou na\u0161ej multikult\u00farnej vlasti. \u017del\u00e1me si spolu\u017eitie kult\u00far medzi n\u00e1rodnos\u0165ami i medzi n\u00e1rodmi. Len tak m\u00f4\u017eeme r\u00e1s\u0165, by\u0165 otvoren\u00ed a bojova\u0165 proti nen\u00e1visti. Len tam m\u00f4\u017eeme by\u0165 s\u00fa\u010das\u0165ou demokratickej Eur\u00f3py.<br>Okrem PSK festival podporili: V\u00fdchodn\u00fd di\u0161trikt evanjelickej cirkvi a.v. na Slovensku, Evanjelick\u00e9 kolgi\u00e1lne gymn\u00e1zium v Pre\u0161ove, Forum for Culture, Instytut Polski Bratyslawa (sumou 1030 Eur) a v\u00fdstava Pr\u00e1zdna stoli\u010dka.<br>Zvl\u00e1\u0161tne po\u010fakovanie patr\u00ed Miroslavovi \u010curl\u00edkovi a Marekovi Cinge\u013eovi z Biskupsk\u00e9ho \u00faradu VD ECAV v Pre\u0161ove a ved\u00facim workshopov, Ladislavovi Palkovi\u010dovi a Mari\u00e1novi Bujnovsk\u00e9mu.<br>Organiza\u010dn\u00fd t\u00edm festivalu &#8211; So\u0148a Grestyov\u00e1, Lenka Ma\u0165a\u0161ov\u00e1, Marek Hrub\u010do a Zuzana Alexovi\u010dov\u00e1 &#8211; sa u\u017e teraz te\u0161\u00ed na bud\u00faci ro\u010dn\u00edk.<\/p>\n\n\n\n<figure class=\"wp-block-gallery has-nested-images columns-default is-cropped wp-block-gallery-1 is-layout-flex wp-block-gallery-is-layout-flex\">\n<figure class=\"wp-block-image size-large\"><img loading=\"lazy\" decoding=\"async\" width=\"480\" height=\"640\" data-id=\"637\" src=\"https:\/\/conmotoslovakia.sk\/wp-content\/uploads\/2024\/11\/Dirigent-Ladislav-Palkovic-pocas-skusky-zboru-2.jpg\" alt=\"\" class=\"wp-image-637\" srcset=\"https:\/\/conmotoslovakia.sk\/wp-content\/uploads\/2024\/11\/Dirigent-Ladislav-Palkovic-pocas-skusky-zboru-2.jpg 480w, https:\/\/conmotoslovakia.sk\/wp-content\/uploads\/2024\/11\/Dirigent-Ladislav-Palkovic-pocas-skusky-zboru-2-225x300.jpg 225w\" sizes=\"auto, (max-width: 480px) 85vw, 480px\" \/><\/figure>\n\n\n\n<figure class=\"wp-block-image size-large\"><img loading=\"lazy\" decoding=\"async\" width=\"640\" height=\"480\" data-id=\"639\" src=\"https:\/\/conmotoslovakia.sk\/wp-content\/uploads\/2024\/11\/Zborovy-workshop-1.jpg\" alt=\"\" class=\"wp-image-639\" srcset=\"https:\/\/conmotoslovakia.sk\/wp-content\/uploads\/2024\/11\/Zborovy-workshop-1.jpg 640w, https:\/\/conmotoslovakia.sk\/wp-content\/uploads\/2024\/11\/Zborovy-workshop-1-300x225.jpg 300w\" sizes=\"auto, (max-width: 640px) 85vw, 640px\" \/><\/figure>\n\n\n\n<figure class=\"wp-block-image size-large\"><img loading=\"lazy\" decoding=\"async\" width=\"480\" height=\"640\" data-id=\"638\" src=\"https:\/\/conmotoslovakia.sk\/wp-content\/uploads\/2024\/11\/STVR-Slov.-televizia-polsky-magazin-interview-s-Mariolou-Spiewak-1.jpg\" alt=\"\" class=\"wp-image-638\" srcset=\"https:\/\/conmotoslovakia.sk\/wp-content\/uploads\/2024\/11\/STVR-Slov.-televizia-polsky-magazin-interview-s-Mariolou-Spiewak-1.jpg 480w, https:\/\/conmotoslovakia.sk\/wp-content\/uploads\/2024\/11\/STVR-Slov.-televizia-polsky-magazin-interview-s-Mariolou-Spiewak-1-225x300.jpg 225w\" sizes=\"auto, (max-width: 480px) 85vw, 480px\" \/><\/figure>\n\n\n\n<figure class=\"wp-block-image size-large\"><img loading=\"lazy\" decoding=\"async\" width=\"640\" height=\"480\" data-id=\"635\" src=\"https:\/\/conmotoslovakia.sk\/wp-content\/uploads\/2024\/11\/Milan-Richter-Marek-Hrubco-a-Pavol-Zubal-literarno-hudobny-vecer-o-F.-Kafkovi-2.jpg\" alt=\"\" class=\"wp-image-635\" srcset=\"https:\/\/conmotoslovakia.sk\/wp-content\/uploads\/2024\/11\/Milan-Richter-Marek-Hrubco-a-Pavol-Zubal-literarno-hudobny-vecer-o-F.-Kafkovi-2.jpg 640w, https:\/\/conmotoslovakia.sk\/wp-content\/uploads\/2024\/11\/Milan-Richter-Marek-Hrubco-a-Pavol-Zubal-literarno-hudobny-vecer-o-F.-Kafkovi-2-300x225.jpg 300w\" sizes=\"auto, (max-width: 640px) 85vw, 640px\" \/><\/figure>\n\n\n\n<figure class=\"wp-block-image size-large\"><img loading=\"lazy\" decoding=\"async\" width=\"644\" height=\"902\" data-id=\"634\" src=\"https:\/\/conmotoslovakia.sk\/wp-content\/uploads\/2024\/11\/prazdna-stolicka-2.jpg\" alt=\"\" class=\"wp-image-634\" srcset=\"https:\/\/conmotoslovakia.sk\/wp-content\/uploads\/2024\/11\/prazdna-stolicka-2.jpg 644w, https:\/\/conmotoslovakia.sk\/wp-content\/uploads\/2024\/11\/prazdna-stolicka-2-214x300.jpg 214w\" sizes=\"auto, (max-width: 644px) 85vw, 644px\" \/><\/figure>\n\n\n\n<figure class=\"wp-block-image size-large\"><img loading=\"lazy\" decoding=\"async\" width=\"1024\" height=\"768\" data-id=\"636\" src=\"https:\/\/conmotoslovakia.sk\/wp-content\/uploads\/2024\/11\/466138044_969236441904710_4254113304374381449_n-1024x768.jpg\" alt=\"\" class=\"wp-image-636\" srcset=\"https:\/\/conmotoslovakia.sk\/wp-content\/uploads\/2024\/11\/466138044_969236441904710_4254113304374381449_n-1024x768.jpg 1024w, https:\/\/conmotoslovakia.sk\/wp-content\/uploads\/2024\/11\/466138044_969236441904710_4254113304374381449_n-300x225.jpg 300w, https:\/\/conmotoslovakia.sk\/wp-content\/uploads\/2024\/11\/466138044_969236441904710_4254113304374381449_n-768x576.jpg 768w, https:\/\/conmotoslovakia.sk\/wp-content\/uploads\/2024\/11\/466138044_969236441904710_4254113304374381449_n-1200x900.jpg 1200w, https:\/\/conmotoslovakia.sk\/wp-content\/uploads\/2024\/11\/466138044_969236441904710_4254113304374381449_n.jpg 1440w\" sizes=\"auto, (max-width: 709px) 85vw, (max-width: 909px) 67vw, (max-width: 1362px) 62vw, 840px\" \/><\/figure>\n\n\n\n<figure class=\"wp-block-image size-large\"><img loading=\"lazy\" decoding=\"async\" width=\"1024\" height=\"683\" data-id=\"642\" src=\"https:\/\/conmotoslovakia.sk\/wp-content\/uploads\/2024\/11\/A7403891-Enhanced-NR-1024x683.jpg\" alt=\"\" class=\"wp-image-642\" srcset=\"https:\/\/conmotoslovakia.sk\/wp-content\/uploads\/2024\/11\/A7403891-Enhanced-NR-1024x683.jpg 1024w, https:\/\/conmotoslovakia.sk\/wp-content\/uploads\/2024\/11\/A7403891-Enhanced-NR-300x200.jpg 300w, https:\/\/conmotoslovakia.sk\/wp-content\/uploads\/2024\/11\/A7403891-Enhanced-NR-768x512.jpg 768w, https:\/\/conmotoslovakia.sk\/wp-content\/uploads\/2024\/11\/A7403891-Enhanced-NR-1536x1024.jpg 1536w, https:\/\/conmotoslovakia.sk\/wp-content\/uploads\/2024\/11\/A7403891-Enhanced-NR-2048x1365.jpg 2048w, https:\/\/conmotoslovakia.sk\/wp-content\/uploads\/2024\/11\/A7403891-Enhanced-NR-1200x800.jpg 1200w\" sizes=\"auto, (max-width: 709px) 85vw, (max-width: 909px) 67vw, (max-width: 1362px) 62vw, 840px\" \/><\/figure>\n\n\n\n<figure class=\"wp-block-image size-large\"><img loading=\"lazy\" decoding=\"async\" width=\"1024\" height=\"683\" data-id=\"641\" src=\"https:\/\/conmotoslovakia.sk\/wp-content\/uploads\/2024\/11\/A7403909-Enhanced-NR-1024x683.jpg\" alt=\"\" class=\"wp-image-641\" srcset=\"https:\/\/conmotoslovakia.sk\/wp-content\/uploads\/2024\/11\/A7403909-Enhanced-NR-1024x683.jpg 1024w, https:\/\/conmotoslovakia.sk\/wp-content\/uploads\/2024\/11\/A7403909-Enhanced-NR-300x200.jpg 300w, https:\/\/conmotoslovakia.sk\/wp-content\/uploads\/2024\/11\/A7403909-Enhanced-NR-768x512.jpg 768w, https:\/\/conmotoslovakia.sk\/wp-content\/uploads\/2024\/11\/A7403909-Enhanced-NR-1536x1024.jpg 1536w, https:\/\/conmotoslovakia.sk\/wp-content\/uploads\/2024\/11\/A7403909-Enhanced-NR-2048x1365.jpg 2048w, https:\/\/conmotoslovakia.sk\/wp-content\/uploads\/2024\/11\/A7403909-Enhanced-NR-1200x800.jpg 1200w\" sizes=\"auto, (max-width: 709px) 85vw, (max-width: 909px) 67vw, (max-width: 1362px) 62vw, 840px\" \/><\/figure>\n\n\n\n<figure class=\"wp-block-image size-large\"><img loading=\"lazy\" decoding=\"async\" width=\"1024\" height=\"683\" data-id=\"640\" src=\"https:\/\/conmotoslovakia.sk\/wp-content\/uploads\/2024\/11\/A7404042-Enhanced-NR-1024x683.jpg\" alt=\"\" class=\"wp-image-640\" srcset=\"https:\/\/conmotoslovakia.sk\/wp-content\/uploads\/2024\/11\/A7404042-Enhanced-NR-1024x683.jpg 1024w, https:\/\/conmotoslovakia.sk\/wp-content\/uploads\/2024\/11\/A7404042-Enhanced-NR-300x200.jpg 300w, https:\/\/conmotoslovakia.sk\/wp-content\/uploads\/2024\/11\/A7404042-Enhanced-NR-768x512.jpg 768w, https:\/\/conmotoslovakia.sk\/wp-content\/uploads\/2024\/11\/A7404042-Enhanced-NR-1536x1024.jpg 1536w, https:\/\/conmotoslovakia.sk\/wp-content\/uploads\/2024\/11\/A7404042-Enhanced-NR-2048x1365.jpg 2048w, https:\/\/conmotoslovakia.sk\/wp-content\/uploads\/2024\/11\/A7404042-Enhanced-NR-1200x800.jpg 1200w\" sizes=\"auto, (max-width: 709px) 85vw, (max-width: 909px) 67vw, (max-width: 1362px) 62vw, 840px\" \/><\/figure>\n<\/figure>\n\n\n\n<p class=\"has-text-align-center\">Pre\u0161ov<\/p>\n\n\n\n<h4 class=\"wp-block-heading\">Cyklus: Projekt Pr\u00e1zdna stoli\u010dka &#8211; <strong>7.-10.1.2025 o 9:10 v R\u00e1diu Dev\u00edn<\/strong><\/h4>\n\n\n\n<figure class=\"wp-block-audio\"><audio controls src=\"https:\/\/conmotoslovakia.sk\/wp-content\/uploads\/2025\/01\/1_cast_Rozhovor-s-Annou-Polckovou-a-Denisou-Nikodemovou.mp3\"><\/audio><figcaption class=\"wp-element-caption\">Rozhovor s Annou Polckovou a Denisou Nikod\u00e9movou<\/figcaption><\/figure>\n\n\n\n<figure class=\"wp-block-audio\"><audio controls src=\"https:\/\/conmotoslovakia.sk\/wp-content\/uploads\/2025\/01\/2_cast_Rozhovor-s-Miroslavom-Curlikom.mp3\"><\/audio><figcaption class=\"wp-element-caption\">Rozhovor s Miroslavom \u010curl\u00edkom<\/figcaption><\/figure>\n\n\n\n<figure class=\"wp-block-audio\"><audio controls src=\"https:\/\/conmotoslovakia.sk\/wp-content\/uploads\/2025\/01\/3_cast_Rozhovor-s-Juliou-Sherwood.mp3\"><\/audio><figcaption class=\"wp-element-caption\">Rozhovor s J\u00faliou Sherwood<\/figcaption><\/figure>\n","protected":false},"excerpt":{"rendered":"<p>Spev\u00e1cky zbor Con moto s celoslovenskou p\u00f4sobnos\u0165ou a so s\u00eddlom v Pre\u0161ove organizoval v auguste u\u017e druh\u00fd ro\u010dn\u00edk Festivalu \u017eidovskej kult\u00fary \u0160alom alejchem s finan\u010dnou podporou Pre\u0161ovsk\u00e9ho samospr\u00e1vneho kraja vo v\u00fd\u0161ke 4000 Eur.Sme ve\u013emi v\u010fa\u010dn\u00ed, \u017ee PSK podporuje tak\u00e9to projekty a \u017ee n\u00e1\u0161 festival u\u017e m\u00e1 v kraji, ale aj na Slovensku, svoje meno. \u00da\u010dastn\u00edci &hellip; <a href=\"https:\/\/conmotoslovakia.sk\/?page_id=438\" class=\"more-link\">Pokra\u010dova\u0165 v \u010d\u00edtan\u00ed<span class=\"screen-reader-text\"> &#8222;Pr\u00e1zdna stoli\u010dka 2024&#8220;<\/span><\/a><\/p>\n","protected":false},"author":1,"featured_media":0,"parent":0,"menu_order":0,"comment_status":"closed","ping_status":"closed","template":"","meta":{"footnotes":""},"class_list":["post-438","page","type-page","status-publish","hentry"],"yoast_head":"<!-- This site is optimized with the Yoast SEO plugin v27.4 - https:\/\/yoast.com\/product\/yoast-seo-wordpress\/ -->\n<title>Pr\u00e1zdna stoli\u010dka 2024 - CON MOTO SLOVAKIA<\/title>\n<meta name=\"robots\" content=\"index, follow, max-snippet:-1, max-image-preview:large, max-video-preview:-1\" \/>\n<link rel=\"canonical\" href=\"https:\/\/conmotoslovakia.sk\/?page_id=438\" \/>\n<meta property=\"og:locale\" content=\"sk_SK\" \/>\n<meta property=\"og:type\" content=\"article\" \/>\n<meta property=\"og:title\" content=\"Pr\u00e1zdna stoli\u010dka 2024 - CON MOTO SLOVAKIA\" \/>\n<meta property=\"og:description\" content=\"Spev\u00e1cky zbor Con moto s celoslovenskou p\u00f4sobnos\u0165ou a so s\u00eddlom v Pre\u0161ove organizoval v auguste u\u017e druh\u00fd ro\u010dn\u00edk Festivalu \u017eidovskej kult\u00fary \u0160alom alejchem s finan\u010dnou podporou Pre\u0161ovsk\u00e9ho samospr\u00e1vneho kraja vo v\u00fd\u0161ke 4000 Eur.Sme ve\u013emi v\u010fa\u010dn\u00ed, \u017ee PSK podporuje tak\u00e9to projekty a \u017ee n\u00e1\u0161 festival u\u017e m\u00e1 v kraji, ale aj na Slovensku, svoje meno. \u00da\u010dastn\u00edci &hellip; Pokra\u010dova\u0165 v \u010d\u00edtan\u00ed &quot;Pr\u00e1zdna stoli\u010dka 2024&quot;\" \/>\n<meta property=\"og:url\" content=\"https:\/\/conmotoslovakia.sk\/?page_id=438\" \/>\n<meta property=\"og:site_name\" content=\"CON MOTO SLOVAKIA\" \/>\n<meta property=\"article:publisher\" content=\"https:\/\/www.facebook.com\/groups\/1433289267001405\/\" \/>\n<meta property=\"article:modified_time\" content=\"2025-01-29T05:24:23+00:00\" \/>\n<meta property=\"og:image\" content=\"https:\/\/conmotoslovakia.sk\/wp-content\/uploads\/2024\/11\/Dirigent-Ladislav-Palkovic-pocas-skusky-zboru-2.jpg\" \/>\n\t<meta property=\"og:image:width\" content=\"480\" \/>\n\t<meta property=\"og:image:height\" content=\"640\" \/>\n\t<meta property=\"og:image:type\" content=\"image\/jpeg\" \/>\n<meta name=\"twitter:card\" content=\"summary_large_image\" \/>\n<meta name=\"twitter:label1\" content=\"Predpokladan\u00fd \u010das \u010d\u00edtania\" \/>\n\t<meta name=\"twitter:data1\" content=\"3 min\u00faty\" \/>\n<script type=\"application\/ld+json\" class=\"yoast-schema-graph\">{\"@context\":\"https:\\\/\\\/schema.org\",\"@graph\":[{\"@type\":\"WebPage\",\"@id\":\"https:\\\/\\\/conmotoslovakia.sk\\\/?page_id=438\",\"url\":\"https:\\\/\\\/conmotoslovakia.sk\\\/?page_id=438\",\"name\":\"Pr\u00e1zdna stoli\u010dka 2024 - CON MOTO SLOVAKIA\",\"isPartOf\":{\"@id\":\"https:\\\/\\\/conmotoslovakia.sk\\\/#website\"},\"primaryImageOfPage\":{\"@id\":\"https:\\\/\\\/conmotoslovakia.sk\\\/?page_id=438#primaryimage\"},\"image\":{\"@id\":\"https:\\\/\\\/conmotoslovakia.sk\\\/?page_id=438#primaryimage\"},\"thumbnailUrl\":\"https:\\\/\\\/conmotoslovakia.sk\\\/wp-content\\\/uploads\\\/2024\\\/11\\\/Dirigent-Ladislav-Palkovic-pocas-skusky-zboru-2.jpg\",\"datePublished\":\"2024-06-24T06:00:21+00:00\",\"dateModified\":\"2025-01-29T05:24:23+00:00\",\"breadcrumb\":{\"@id\":\"https:\\\/\\\/conmotoslovakia.sk\\\/?page_id=438#breadcrumb\"},\"inLanguage\":\"sk-SK\",\"potentialAction\":[{\"@type\":\"ReadAction\",\"target\":[\"https:\\\/\\\/conmotoslovakia.sk\\\/?page_id=438\"]}]},{\"@type\":\"ImageObject\",\"inLanguage\":\"sk-SK\",\"@id\":\"https:\\\/\\\/conmotoslovakia.sk\\\/?page_id=438#primaryimage\",\"url\":\"https:\\\/\\\/conmotoslovakia.sk\\\/wp-content\\\/uploads\\\/2024\\\/11\\\/Dirigent-Ladislav-Palkovic-pocas-skusky-zboru-2.jpg\",\"contentUrl\":\"https:\\\/\\\/conmotoslovakia.sk\\\/wp-content\\\/uploads\\\/2024\\\/11\\\/Dirigent-Ladislav-Palkovic-pocas-skusky-zboru-2.jpg\",\"width\":480,\"height\":640},{\"@type\":\"BreadcrumbList\",\"@id\":\"https:\\\/\\\/conmotoslovakia.sk\\\/?page_id=438#breadcrumb\",\"itemListElement\":[{\"@type\":\"ListItem\",\"position\":1,\"name\":\"Home\",\"item\":\"https:\\\/\\\/conmotoslovakia.sk\\\/\"},{\"@type\":\"ListItem\",\"position\":2,\"name\":\"Pr\u00e1zdna stoli\u010dka 2024\"}]},{\"@type\":\"WebSite\",\"@id\":\"https:\\\/\\\/conmotoslovakia.sk\\\/#website\",\"url\":\"https:\\\/\\\/conmotoslovakia.sk\\\/\",\"name\":\"CON MOTO SLOVAKIA\",\"description\":\"Zbor dirigentov a hudobn\u00fdch nad\u0161encov Slovenska\",\"publisher\":{\"@id\":\"https:\\\/\\\/conmotoslovakia.sk\\\/#organization\"},\"potentialAction\":[{\"@type\":\"SearchAction\",\"target\":{\"@type\":\"EntryPoint\",\"urlTemplate\":\"https:\\\/\\\/conmotoslovakia.sk\\\/?s={search_term_string}\"},\"query-input\":{\"@type\":\"PropertyValueSpecification\",\"valueRequired\":true,\"valueName\":\"search_term_string\"}}],\"inLanguage\":\"sk-SK\"},{\"@type\":\"Organization\",\"@id\":\"https:\\\/\\\/conmotoslovakia.sk\\\/#organization\",\"name\":\"CON MOTO SLOVAKIA\",\"url\":\"https:\\\/\\\/conmotoslovakia.sk\\\/\",\"logo\":{\"@type\":\"ImageObject\",\"inLanguage\":\"sk-SK\",\"@id\":\"https:\\\/\\\/conmotoslovakia.sk\\\/#\\\/schema\\\/logo\\\/image\\\/\",\"url\":\"https:\\\/\\\/conmotoslovakia.sk\\\/wp-content\\\/uploads\\\/2026\\\/01\\\/cropped-Logo.jpg\",\"contentUrl\":\"https:\\\/\\\/conmotoslovakia.sk\\\/wp-content\\\/uploads\\\/2026\\\/01\\\/cropped-Logo.jpg\",\"width\":512,\"height\":512,\"caption\":\"CON MOTO SLOVAKIA\"},\"image\":{\"@id\":\"https:\\\/\\\/conmotoslovakia.sk\\\/#\\\/schema\\\/logo\\\/image\\\/\"},\"sameAs\":[\"https:\\\/\\\/www.facebook.com\\\/groups\\\/1433289267001405\\\/\",\"https:\\\/\\\/www.instagram.com\\\/conmoto_zbor\"]}]}<\/script>\n<!-- \/ Yoast SEO plugin. -->","yoast_head_json":{"title":"Pr\u00e1zdna stoli\u010dka 2024 - CON MOTO SLOVAKIA","robots":{"index":"index","follow":"follow","max-snippet":"max-snippet:-1","max-image-preview":"max-image-preview:large","max-video-preview":"max-video-preview:-1"},"canonical":"https:\/\/conmotoslovakia.sk\/?page_id=438","og_locale":"sk_SK","og_type":"article","og_title":"Pr\u00e1zdna stoli\u010dka 2024 - CON MOTO SLOVAKIA","og_description":"Spev\u00e1cky zbor Con moto s celoslovenskou p\u00f4sobnos\u0165ou a so s\u00eddlom v Pre\u0161ove organizoval v auguste u\u017e druh\u00fd ro\u010dn\u00edk Festivalu \u017eidovskej kult\u00fary \u0160alom alejchem s finan\u010dnou podporou Pre\u0161ovsk\u00e9ho samospr\u00e1vneho kraja vo v\u00fd\u0161ke 4000 Eur.Sme ve\u013emi v\u010fa\u010dn\u00ed, \u017ee PSK podporuje tak\u00e9to projekty a \u017ee n\u00e1\u0161 festival u\u017e m\u00e1 v kraji, ale aj na Slovensku, svoje meno. \u00da\u010dastn\u00edci &hellip; Pokra\u010dova\u0165 v \u010d\u00edtan\u00ed \"Pr\u00e1zdna stoli\u010dka 2024\"","og_url":"https:\/\/conmotoslovakia.sk\/?page_id=438","og_site_name":"CON MOTO SLOVAKIA","article_publisher":"https:\/\/www.facebook.com\/groups\/1433289267001405\/","article_modified_time":"2025-01-29T05:24:23+00:00","og_image":[{"width":480,"height":640,"url":"https:\/\/conmotoslovakia.sk\/wp-content\/uploads\/2024\/11\/Dirigent-Ladislav-Palkovic-pocas-skusky-zboru-2.jpg","type":"image\/jpeg"}],"twitter_card":"summary_large_image","twitter_misc":{"Predpokladan\u00fd \u010das \u010d\u00edtania":"3 min\u00faty"},"schema":{"@context":"https:\/\/schema.org","@graph":[{"@type":"WebPage","@id":"https:\/\/conmotoslovakia.sk\/?page_id=438","url":"https:\/\/conmotoslovakia.sk\/?page_id=438","name":"Pr\u00e1zdna stoli\u010dka 2024 - CON MOTO SLOVAKIA","isPartOf":{"@id":"https:\/\/conmotoslovakia.sk\/#website"},"primaryImageOfPage":{"@id":"https:\/\/conmotoslovakia.sk\/?page_id=438#primaryimage"},"image":{"@id":"https:\/\/conmotoslovakia.sk\/?page_id=438#primaryimage"},"thumbnailUrl":"https:\/\/conmotoslovakia.sk\/wp-content\/uploads\/2024\/11\/Dirigent-Ladislav-Palkovic-pocas-skusky-zboru-2.jpg","datePublished":"2024-06-24T06:00:21+00:00","dateModified":"2025-01-29T05:24:23+00:00","breadcrumb":{"@id":"https:\/\/conmotoslovakia.sk\/?page_id=438#breadcrumb"},"inLanguage":"sk-SK","potentialAction":[{"@type":"ReadAction","target":["https:\/\/conmotoslovakia.sk\/?page_id=438"]}]},{"@type":"ImageObject","inLanguage":"sk-SK","@id":"https:\/\/conmotoslovakia.sk\/?page_id=438#primaryimage","url":"https:\/\/conmotoslovakia.sk\/wp-content\/uploads\/2024\/11\/Dirigent-Ladislav-Palkovic-pocas-skusky-zboru-2.jpg","contentUrl":"https:\/\/conmotoslovakia.sk\/wp-content\/uploads\/2024\/11\/Dirigent-Ladislav-Palkovic-pocas-skusky-zboru-2.jpg","width":480,"height":640},{"@type":"BreadcrumbList","@id":"https:\/\/conmotoslovakia.sk\/?page_id=438#breadcrumb","itemListElement":[{"@type":"ListItem","position":1,"name":"Home","item":"https:\/\/conmotoslovakia.sk\/"},{"@type":"ListItem","position":2,"name":"Pr\u00e1zdna stoli\u010dka 2024"}]},{"@type":"WebSite","@id":"https:\/\/conmotoslovakia.sk\/#website","url":"https:\/\/conmotoslovakia.sk\/","name":"CON MOTO SLOVAKIA","description":"Zbor dirigentov a hudobn\u00fdch nad\u0161encov Slovenska","publisher":{"@id":"https:\/\/conmotoslovakia.sk\/#organization"},"potentialAction":[{"@type":"SearchAction","target":{"@type":"EntryPoint","urlTemplate":"https:\/\/conmotoslovakia.sk\/?s={search_term_string}"},"query-input":{"@type":"PropertyValueSpecification","valueRequired":true,"valueName":"search_term_string"}}],"inLanguage":"sk-SK"},{"@type":"Organization","@id":"https:\/\/conmotoslovakia.sk\/#organization","name":"CON MOTO SLOVAKIA","url":"https:\/\/conmotoslovakia.sk\/","logo":{"@type":"ImageObject","inLanguage":"sk-SK","@id":"https:\/\/conmotoslovakia.sk\/#\/schema\/logo\/image\/","url":"https:\/\/conmotoslovakia.sk\/wp-content\/uploads\/2026\/01\/cropped-Logo.jpg","contentUrl":"https:\/\/conmotoslovakia.sk\/wp-content\/uploads\/2026\/01\/cropped-Logo.jpg","width":512,"height":512,"caption":"CON MOTO SLOVAKIA"},"image":{"@id":"https:\/\/conmotoslovakia.sk\/#\/schema\/logo\/image\/"},"sameAs":["https:\/\/www.facebook.com\/groups\/1433289267001405\/","https:\/\/www.instagram.com\/conmoto_zbor"]}]}},"_links":{"self":[{"href":"https:\/\/conmotoslovakia.sk\/index.php?rest_route=\/wp\/v2\/pages\/438","targetHints":{"allow":["GET"]}}],"collection":[{"href":"https:\/\/conmotoslovakia.sk\/index.php?rest_route=\/wp\/v2\/pages"}],"about":[{"href":"https:\/\/conmotoslovakia.sk\/index.php?rest_route=\/wp\/v2\/types\/page"}],"author":[{"embeddable":true,"href":"https:\/\/conmotoslovakia.sk\/index.php?rest_route=\/wp\/v2\/users\/1"}],"replies":[{"embeddable":true,"href":"https:\/\/conmotoslovakia.sk\/index.php?rest_route=%2Fwp%2Fv2%2Fcomments&post=438"}],"version-history":[{"count":5,"href":"https:\/\/conmotoslovakia.sk\/index.php?rest_route=\/wp\/v2\/pages\/438\/revisions"}],"predecessor-version":[{"id":680,"href":"https:\/\/conmotoslovakia.sk\/index.php?rest_route=\/wp\/v2\/pages\/438\/revisions\/680"}],"wp:attachment":[{"href":"https:\/\/conmotoslovakia.sk\/index.php?rest_route=%2Fwp%2Fv2%2Fmedia&parent=438"}],"curies":[{"name":"wp","href":"https:\/\/api.w.org\/{rel}","templated":true}]}}