{"id":543,"date":"2024-09-08T08:06:24","date_gmt":"2024-09-08T06:06:24","guid":{"rendered":"https:\/\/conmotoslovakia.sk\/?page_id=543"},"modified":"2026-04-06T14:55:25","modified_gmt":"2026-04-06T12:55:25","slug":"aktualne-2","status":"publish","type":"page","link":"https:\/\/conmotoslovakia.sk\/?page_id=543","title":{"rendered":"Aktu\u00e1lne"},"content":{"rendered":"\n<figure class=\"wp-block-image size-large\"><a href=\"https:\/\/conmotoslovakia.sk\/wp-content\/uploads\/2026\/04\/krizanov.jpg\" data-rel=\"lightbox-image-0\" data-rl_title=\"\" data-rl_caption=\"\" title=\"\"><img loading=\"lazy\" decoding=\"async\" width=\"1024\" height=\"576\" src=\"https:\/\/conmotoslovakia.sk\/wp-content\/uploads\/2026\/04\/krizanov-1024x576.jpg\" alt=\"\" class=\"wp-image-1291\" srcset=\"https:\/\/conmotoslovakia.sk\/wp-content\/uploads\/2026\/04\/krizanov-1024x576.jpg 1024w, https:\/\/conmotoslovakia.sk\/wp-content\/uploads\/2026\/04\/krizanov-300x169.jpg 300w, https:\/\/conmotoslovakia.sk\/wp-content\/uploads\/2026\/04\/krizanov-768x432.jpg 768w, https:\/\/conmotoslovakia.sk\/wp-content\/uploads\/2026\/04\/krizanov-1536x864.jpg 1536w, https:\/\/conmotoslovakia.sk\/wp-content\/uploads\/2026\/04\/krizanov-1200x675.jpg 1200w, https:\/\/conmotoslovakia.sk\/wp-content\/uploads\/2026\/04\/krizanov.jpg 1920w\" sizes=\"auto, (max-width: 709px) 85vw, (max-width: 909px) 67vw, (max-width: 1362px) 62vw, 840px\" \/><\/a><\/figure>\n\n\n\n<p>Con moto mieri do K\u0159i\u017eanova pri Brne, kde vyst\u00fapi v kostole sv. V\u00e1clava.<br>Zaznej\u00fa hudobn\u00e9 diela z minulosti, ale aj pr\u00edtomnosti a z r\u00f4znych k\u00fatov sveta. Skladby v na\u0161om reperto\u00e1ri sprostredkuj\u00fa rozmanit\u00e9 em\u00f3cie a vedia aj roztancova\u0165 \ud83d\ude09<br>Za\u017eite spolu s nami hudobn\u00fd v\u00fdlet po celom svete aj naprie\u010d \u010dasom. Ste srde\u010dne v\u00edtan\u00ed.<\/p>\n\n\n\n<p><a href=\"https:\/\/www.farnostkrizanov.cz\">https:\/\/www.farnostkrizanov.cz<\/a><\/p>\n\n\n\n<p><\/p>\n","protected":false},"excerpt":{"rendered":"<p>Con moto mieri do K\u0159i\u017eanova pri Brne, kde vyst\u00fapi v kostole sv. V\u00e1clava.Zaznej\u00fa hudobn\u00e9 diela z minulosti, ale aj pr\u00edtomnosti a z r\u00f4znych k\u00fatov sveta. Skladby v na\u0161om reperto\u00e1ri sprostredkuj\u00fa rozmanit\u00e9 em\u00f3cie a vedia aj roztancova\u0165 \ud83d\ude09Za\u017eite spolu s nami hudobn\u00fd v\u00fdlet po celom svete aj naprie\u010d \u010dasom. Ste srde\u010dne v\u00edtan\u00ed. https:\/\/www.farnostkrizanov.cz<\/p>\n","protected":false},"author":1,"featured_media":0,"parent":0,"menu_order":0,"comment_status":"closed","ping_status":"closed","template":"","meta":{"footnotes":""},"class_list":["post-543","page","type-page","status-publish","hentry"],"yoast_head":"<!-- This site is optimized with the Yoast SEO plugin v27.4 - https:\/\/yoast.com\/product\/yoast-seo-wordpress\/ -->\n<title>Aktu\u00e1lne - CON MOTO SLOVAKIA<\/title>\n<meta name=\"robots\" content=\"index, follow, max-snippet:-1, max-image-preview:large, max-video-preview:-1\" \/>\n<link rel=\"canonical\" href=\"https:\/\/conmotoslovakia.sk\/?page_id=543\" \/>\n<meta property=\"og:locale\" content=\"sk_SK\" \/>\n<meta property=\"og:type\" content=\"article\" \/>\n<meta property=\"og:title\" content=\"Aktu\u00e1lne - CON MOTO SLOVAKIA\" \/>\n<meta property=\"og:description\" content=\"Con moto mieri do K\u0159i\u017eanova pri Brne, kde vyst\u00fapi v kostole sv. V\u00e1clava.Zaznej\u00fa hudobn\u00e9 diela z minulosti, ale aj pr\u00edtomnosti a z r\u00f4znych k\u00fatov sveta. Skladby v na\u0161om reperto\u00e1ri sprostredkuj\u00fa rozmanit\u00e9 em\u00f3cie a vedia aj roztancova\u0165 \ud83d\ude09Za\u017eite spolu s nami hudobn\u00fd v\u00fdlet po celom svete aj naprie\u010d \u010dasom. Ste srde\u010dne v\u00edtan\u00ed. https:\/\/www.farnostkrizanov.cz\" \/>\n<meta property=\"og:url\" content=\"https:\/\/conmotoslovakia.sk\/?page_id=543\" \/>\n<meta property=\"og:site_name\" content=\"CON MOTO SLOVAKIA\" \/>\n<meta property=\"article:publisher\" content=\"https:\/\/www.facebook.com\/groups\/1433289267001405\/\" \/>\n<meta property=\"article:modified_time\" content=\"2026-04-06T12:55:25+00:00\" \/>\n<meta property=\"og:image\" content=\"https:\/\/conmotoslovakia.sk\/wp-content\/uploads\/2026\/04\/krizanov.jpg\" \/>\n\t<meta property=\"og:image:width\" content=\"1920\" \/>\n\t<meta property=\"og:image:height\" content=\"1080\" \/>\n\t<meta property=\"og:image:type\" content=\"image\/jpeg\" \/>\n<meta name=\"twitter:card\" content=\"summary_large_image\" \/>\n<meta name=\"twitter:label1\" content=\"Predpokladan\u00fd \u010das \u010d\u00edtania\" \/>\n\t<meta name=\"twitter:data1\" content=\"1 min\u00fata\" \/>\n<script type=\"application\/ld+json\" class=\"yoast-schema-graph\">{\"@context\":\"https:\\\/\\\/schema.org\",\"@graph\":[{\"@type\":\"WebPage\",\"@id\":\"https:\\\/\\\/conmotoslovakia.sk\\\/?page_id=543\",\"url\":\"https:\\\/\\\/conmotoslovakia.sk\\\/?page_id=543\",\"name\":\"Aktu\u00e1lne - CON MOTO SLOVAKIA\",\"isPartOf\":{\"@id\":\"https:\\\/\\\/conmotoslovakia.sk\\\/#website\"},\"primaryImageOfPage\":{\"@id\":\"https:\\\/\\\/conmotoslovakia.sk\\\/?page_id=543#primaryimage\"},\"image\":{\"@id\":\"https:\\\/\\\/conmotoslovakia.sk\\\/?page_id=543#primaryimage\"},\"thumbnailUrl\":\"https:\\\/\\\/conmotoslovakia.sk\\\/wp-content\\\/uploads\\\/2026\\\/04\\\/krizanov-1024x576.jpg\",\"datePublished\":\"2024-09-08T06:06:24+00:00\",\"dateModified\":\"2026-04-06T12:55:25+00:00\",\"breadcrumb\":{\"@id\":\"https:\\\/\\\/conmotoslovakia.sk\\\/?page_id=543#breadcrumb\"},\"inLanguage\":\"sk-SK\",\"potentialAction\":[{\"@type\":\"ReadAction\",\"target\":[\"https:\\\/\\\/conmotoslovakia.sk\\\/?page_id=543\"]}]},{\"@type\":\"ImageObject\",\"inLanguage\":\"sk-SK\",\"@id\":\"https:\\\/\\\/conmotoslovakia.sk\\\/?page_id=543#primaryimage\",\"url\":\"https:\\\/\\\/conmotoslovakia.sk\\\/wp-content\\\/uploads\\\/2026\\\/04\\\/krizanov.jpg\",\"contentUrl\":\"https:\\\/\\\/conmotoslovakia.sk\\\/wp-content\\\/uploads\\\/2026\\\/04\\\/krizanov.jpg\",\"width\":1920,\"height\":1080},{\"@type\":\"BreadcrumbList\",\"@id\":\"https:\\\/\\\/conmotoslovakia.sk\\\/?page_id=543#breadcrumb\",\"itemListElement\":[{\"@type\":\"ListItem\",\"position\":1,\"name\":\"Home\",\"item\":\"https:\\\/\\\/conmotoslovakia.sk\\\/\"},{\"@type\":\"ListItem\",\"position\":2,\"name\":\"Aktu\u00e1lne\"}]},{\"@type\":\"WebSite\",\"@id\":\"https:\\\/\\\/conmotoslovakia.sk\\\/#website\",\"url\":\"https:\\\/\\\/conmotoslovakia.sk\\\/\",\"name\":\"CON MOTO SLOVAKIA\",\"description\":\"Zbor dirigentov a hudobn\u00fdch nad\u0161encov Slovenska\",\"publisher\":{\"@id\":\"https:\\\/\\\/conmotoslovakia.sk\\\/#organization\"},\"potentialAction\":[{\"@type\":\"SearchAction\",\"target\":{\"@type\":\"EntryPoint\",\"urlTemplate\":\"https:\\\/\\\/conmotoslovakia.sk\\\/?s={search_term_string}\"},\"query-input\":{\"@type\":\"PropertyValueSpecification\",\"valueRequired\":true,\"valueName\":\"search_term_string\"}}],\"inLanguage\":\"sk-SK\"},{\"@type\":\"Organization\",\"@id\":\"https:\\\/\\\/conmotoslovakia.sk\\\/#organization\",\"name\":\"CON MOTO SLOVAKIA\",\"url\":\"https:\\\/\\\/conmotoslovakia.sk\\\/\",\"logo\":{\"@type\":\"ImageObject\",\"inLanguage\":\"sk-SK\",\"@id\":\"https:\\\/\\\/conmotoslovakia.sk\\\/#\\\/schema\\\/logo\\\/image\\\/\",\"url\":\"https:\\\/\\\/conmotoslovakia.sk\\\/wp-content\\\/uploads\\\/2026\\\/01\\\/cropped-Logo.jpg\",\"contentUrl\":\"https:\\\/\\\/conmotoslovakia.sk\\\/wp-content\\\/uploads\\\/2026\\\/01\\\/cropped-Logo.jpg\",\"width\":512,\"height\":512,\"caption\":\"CON MOTO SLOVAKIA\"},\"image\":{\"@id\":\"https:\\\/\\\/conmotoslovakia.sk\\\/#\\\/schema\\\/logo\\\/image\\\/\"},\"sameAs\":[\"https:\\\/\\\/www.facebook.com\\\/groups\\\/1433289267001405\\\/\",\"https:\\\/\\\/www.instagram.com\\\/conmoto_zbor\"]}]}<\/script>\n<!-- \/ Yoast SEO plugin. -->","yoast_head_json":{"title":"Aktu\u00e1lne - CON MOTO SLOVAKIA","robots":{"index":"index","follow":"follow","max-snippet":"max-snippet:-1","max-image-preview":"max-image-preview:large","max-video-preview":"max-video-preview:-1"},"canonical":"https:\/\/conmotoslovakia.sk\/?page_id=543","og_locale":"sk_SK","og_type":"article","og_title":"Aktu\u00e1lne - CON MOTO SLOVAKIA","og_description":"Con moto mieri do K\u0159i\u017eanova pri Brne, kde vyst\u00fapi v kostole sv. V\u00e1clava.Zaznej\u00fa hudobn\u00e9 diela z minulosti, ale aj pr\u00edtomnosti a z r\u00f4znych k\u00fatov sveta. Skladby v na\u0161om reperto\u00e1ri sprostredkuj\u00fa rozmanit\u00e9 em\u00f3cie a vedia aj roztancova\u0165 \ud83d\ude09Za\u017eite spolu s nami hudobn\u00fd v\u00fdlet po celom svete aj naprie\u010d \u010dasom. Ste srde\u010dne v\u00edtan\u00ed. https:\/\/www.farnostkrizanov.cz","og_url":"https:\/\/conmotoslovakia.sk\/?page_id=543","og_site_name":"CON MOTO SLOVAKIA","article_publisher":"https:\/\/www.facebook.com\/groups\/1433289267001405\/","article_modified_time":"2026-04-06T12:55:25+00:00","og_image":[{"width":1920,"height":1080,"url":"https:\/\/conmotoslovakia.sk\/wp-content\/uploads\/2026\/04\/krizanov.jpg","type":"image\/jpeg"}],"twitter_card":"summary_large_image","twitter_misc":{"Predpokladan\u00fd \u010das \u010d\u00edtania":"1 min\u00fata"},"schema":{"@context":"https:\/\/schema.org","@graph":[{"@type":"WebPage","@id":"https:\/\/conmotoslovakia.sk\/?page_id=543","url":"https:\/\/conmotoslovakia.sk\/?page_id=543","name":"Aktu\u00e1lne - CON MOTO SLOVAKIA","isPartOf":{"@id":"https:\/\/conmotoslovakia.sk\/#website"},"primaryImageOfPage":{"@id":"https:\/\/conmotoslovakia.sk\/?page_id=543#primaryimage"},"image":{"@id":"https:\/\/conmotoslovakia.sk\/?page_id=543#primaryimage"},"thumbnailUrl":"https:\/\/conmotoslovakia.sk\/wp-content\/uploads\/2026\/04\/krizanov-1024x576.jpg","datePublished":"2024-09-08T06:06:24+00:00","dateModified":"2026-04-06T12:55:25+00:00","breadcrumb":{"@id":"https:\/\/conmotoslovakia.sk\/?page_id=543#breadcrumb"},"inLanguage":"sk-SK","potentialAction":[{"@type":"ReadAction","target":["https:\/\/conmotoslovakia.sk\/?page_id=543"]}]},{"@type":"ImageObject","inLanguage":"sk-SK","@id":"https:\/\/conmotoslovakia.sk\/?page_id=543#primaryimage","url":"https:\/\/conmotoslovakia.sk\/wp-content\/uploads\/2026\/04\/krizanov.jpg","contentUrl":"https:\/\/conmotoslovakia.sk\/wp-content\/uploads\/2026\/04\/krizanov.jpg","width":1920,"height":1080},{"@type":"BreadcrumbList","@id":"https:\/\/conmotoslovakia.sk\/?page_id=543#breadcrumb","itemListElement":[{"@type":"ListItem","position":1,"name":"Home","item":"https:\/\/conmotoslovakia.sk\/"},{"@type":"ListItem","position":2,"name":"Aktu\u00e1lne"}]},{"@type":"WebSite","@id":"https:\/\/conmotoslovakia.sk\/#website","url":"https:\/\/conmotoslovakia.sk\/","name":"CON MOTO SLOVAKIA","description":"Zbor dirigentov a hudobn\u00fdch nad\u0161encov Slovenska","publisher":{"@id":"https:\/\/conmotoslovakia.sk\/#organization"},"potentialAction":[{"@type":"SearchAction","target":{"@type":"EntryPoint","urlTemplate":"https:\/\/conmotoslovakia.sk\/?s={search_term_string}"},"query-input":{"@type":"PropertyValueSpecification","valueRequired":true,"valueName":"search_term_string"}}],"inLanguage":"sk-SK"},{"@type":"Organization","@id":"https:\/\/conmotoslovakia.sk\/#organization","name":"CON MOTO SLOVAKIA","url":"https:\/\/conmotoslovakia.sk\/","logo":{"@type":"ImageObject","inLanguage":"sk-SK","@id":"https:\/\/conmotoslovakia.sk\/#\/schema\/logo\/image\/","url":"https:\/\/conmotoslovakia.sk\/wp-content\/uploads\/2026\/01\/cropped-Logo.jpg","contentUrl":"https:\/\/conmotoslovakia.sk\/wp-content\/uploads\/2026\/01\/cropped-Logo.jpg","width":512,"height":512,"caption":"CON MOTO SLOVAKIA"},"image":{"@id":"https:\/\/conmotoslovakia.sk\/#\/schema\/logo\/image\/"},"sameAs":["https:\/\/www.facebook.com\/groups\/1433289267001405\/","https:\/\/www.instagram.com\/conmoto_zbor"]}]}},"_links":{"self":[{"href":"https:\/\/conmotoslovakia.sk\/index.php?rest_route=\/wp\/v2\/pages\/543","targetHints":{"allow":["GET"]}}],"collection":[{"href":"https:\/\/conmotoslovakia.sk\/index.php?rest_route=\/wp\/v2\/pages"}],"about":[{"href":"https:\/\/conmotoslovakia.sk\/index.php?rest_route=\/wp\/v2\/types\/page"}],"author":[{"embeddable":true,"href":"https:\/\/conmotoslovakia.sk\/index.php?rest_route=\/wp\/v2\/users\/1"}],"replies":[{"embeddable":true,"href":"https:\/\/conmotoslovakia.sk\/index.php?rest_route=%2Fwp%2Fv2%2Fcomments&post=543"}],"version-history":[{"count":5,"href":"https:\/\/conmotoslovakia.sk\/index.php?rest_route=\/wp\/v2\/pages\/543\/revisions"}],"predecessor-version":[{"id":1292,"href":"https:\/\/conmotoslovakia.sk\/index.php?rest_route=\/wp\/v2\/pages\/543\/revisions\/1292"}],"wp:attachment":[{"href":"https:\/\/conmotoslovakia.sk\/index.php?rest_route=%2Fwp%2Fv2%2Fmedia&parent=543"}],"curies":[{"name":"wp","href":"https:\/\/api.w.org\/{rel}","templated":true}]}}