{"id":86,"date":"2020-04-12T19:12:17","date_gmt":"2020-04-12T17:12:17","guid":{"rendered":"http:\/\/conmotoslovakia.sk\/?page_id=86"},"modified":"2025-06-22T21:14:05","modified_gmt":"2025-06-22T19:14:05","slug":"clenovia","status":"publish","type":"page","link":"https:\/\/conmotoslovakia.sk\/?page_id=86","title":{"rendered":"\u010clenovia"},"content":{"rendered":"\n<h4 class=\"wp-block-heading has-text-align-center\">dirigent<\/h4>\n\n\n<div class=\"wp-block-image\">\n<figure class=\"aligncenter size-medium\"><a href=\"https:\/\/conmotoslovakia.sk\/wp-content\/uploads\/2025\/06\/majo_web.jpg\" data-rel=\"lightbox-image-0\" data-rl_title=\"\" data-rl_caption=\"\" title=\"\"><img loading=\"lazy\" decoding=\"async\" width=\"256\" height=\"300\" src=\"https:\/\/conmotoslovakia.sk\/wp-content\/uploads\/2025\/06\/majo_web-256x300.jpg\" alt=\"\" class=\"wp-image-890\" srcset=\"https:\/\/conmotoslovakia.sk\/wp-content\/uploads\/2025\/06\/majo_web-256x300.jpg 256w, https:\/\/conmotoslovakia.sk\/wp-content\/uploads\/2025\/06\/majo_web-874x1024.jpg 874w, https:\/\/conmotoslovakia.sk\/wp-content\/uploads\/2025\/06\/majo_web-768x899.jpg 768w, https:\/\/conmotoslovakia.sk\/wp-content\/uploads\/2025\/06\/majo_web-1312x1536.jpg 1312w, https:\/\/conmotoslovakia.sk\/wp-content\/uploads\/2025\/06\/majo_web-1749x2048.jpg 1749w, https:\/\/conmotoslovakia.sk\/wp-content\/uploads\/2025\/06\/majo_web-1200x1405.jpg 1200w\" sizes=\"auto, (max-width: 256px) 85vw, 256px\" \/><\/a><\/figure>\n<\/div>\n\n\n<p class=\"has-text-align-center\"><strong>Mgr. art. Mari\u00e1n Bujnovsk\u00fd<\/strong><\/p>\n\n\n\n<hr class=\"wp-block-separator has-alpha-channel-opacity\"\/>\n\n\n\n<h4 class=\"wp-block-heading has-text-align-center\">Sopr\u00e1n<\/h4>\n\n\n\n<p class=\"has-text-align-center\">Zuzanka Pul\u0161\u010d\u00e1kov\u00e1<br>Lenka Ma\u0165a\u0161ov\u00e1<br>Anna Rusz\u00f3 B\u00e1nov\u00e1<br>Sofia Simkov\u00e1<br>Miriam Palkovi\u010d<\/p>\n\n\n\n<hr class=\"wp-block-separator has-alpha-channel-opacity\"\/>\n\n\n\n<h4 class=\"wp-block-heading has-text-align-center\">mezOsopr\u00c1n<\/h4>\n\n\n\n<p class=\"has-text-align-center\">Iveta Jur\u010dov\u00e1<br>Kati K\u00f3nya<br>Monika T\u00f3th<br>Lucka Bako\u0161ov\u00e1<\/p>\n\n\n\n<hr class=\"wp-block-separator has-alpha-channel-opacity\"\/>\n\n\n\n<h4 class=\"wp-block-heading has-text-align-center\">Alt<\/h4>\n\n\n\n<p class=\"has-text-align-center\">Janka Dobrock\u00e1<br>Zuzka Alexovi\u010dov\u00e1<br>So\u0148a Grestyov\u00e1<br>Gitka Krn\u00e1\u010dov\u00e1<br>Em\u00edlia Mer\u010d\u00e1kov\u00e1<br>\u013dudka Hajdu\u010dinov\u00e1<br>Lucia Bujnov\u00e1<\/p>\n\n\n\n<hr class=\"wp-block-separator has-alpha-channel-opacity\"\/>\n\n\n\n<h4 class=\"wp-block-heading has-text-align-center\">Tenor<\/h4>\n\n\n\n<p class=\"has-text-align-center\">Jakub Novotn\u00fd<br>Viktor \u010cop<br>Peter Gu\u013ea\u0161<br>\u0160tefan H\u00e1jek<br>Jozef Koronczi<\/p>\n\n\n\n<hr class=\"wp-block-separator has-alpha-channel-opacity\"\/>\n\n\n\n<h4 class=\"wp-block-heading has-text-align-center\">baryt\u00f3n<\/h4>\n\n\n\n<p class=\"has-text-align-center\">Dominik Ki\u0161\u0161<br>R\u00f3bert Bako\u0161<\/p>\n\n\n\n<hr class=\"wp-block-separator has-alpha-channel-opacity\"\/>\n\n\n\n<h4 class=\"wp-block-heading has-text-align-center\">bas<\/h4>\n\n\n\n<p class=\"has-text-align-center\">Mari\u00e1n Bujnovsk\u00fd<br>Mari\u00e1n \u017di\u0161ka<br>J\u00e1n De\u00e1k<br>Matej Ivani\u010d<br>Peter \u0160krab\u00e1k<br>\u0160tefan Doma<br>Damian B\u00f3di<\/p>\n\n\n\n<p><\/p>\n","protected":false},"excerpt":{"rendered":"<p>dirigent Mgr. art. Mari\u00e1n Bujnovsk\u00fd Sopr\u00e1n Zuzanka Pul\u0161\u010d\u00e1kov\u00e1Lenka Ma\u0165a\u0161ov\u00e1Anna Rusz\u00f3 B\u00e1nov\u00e1Sofia Simkov\u00e1Miriam Palkovi\u010d mezOsopr\u00c1n Iveta Jur\u010dov\u00e1Kati K\u00f3nyaMonika T\u00f3thLucka Bako\u0161ov\u00e1 Alt Janka Dobrock\u00e1Zuzka Alexovi\u010dov\u00e1So\u0148a Grestyov\u00e1Gitka Krn\u00e1\u010dov\u00e1Em\u00edlia Mer\u010d\u00e1kov\u00e1\u013dudka Hajdu\u010dinov\u00e1Lucia Bujnov\u00e1 Tenor Jakub Novotn\u00fdViktor \u010copPeter Gu\u013ea\u0161\u0160tefan H\u00e1jekJozef Koronczi baryt\u00f3n Dominik Ki\u0161\u0161R\u00f3bert Bako\u0161 bas Mari\u00e1n Bujnovsk\u00fdMari\u00e1n \u017di\u0161kaJ\u00e1n De\u00e1kMatej Ivani\u010dPeter \u0160krab\u00e1k\u0160tefan DomaDamian B\u00f3di<\/p>\n","protected":false},"author":1,"featured_media":0,"parent":0,"menu_order":0,"comment_status":"closed","ping_status":"closed","template":"","meta":{"footnotes":""},"class_list":["post-86","page","type-page","status-publish","hentry"],"yoast_head":"<!-- This site is optimized with the Yoast SEO plugin v27.4 - https:\/\/yoast.com\/product\/yoast-seo-wordpress\/ -->\n<title>\u010clenovia - CON MOTO SLOVAKIA<\/title>\n<meta name=\"robots\" content=\"index, follow, max-snippet:-1, max-image-preview:large, max-video-preview:-1\" \/>\n<link rel=\"canonical\" href=\"https:\/\/conmotoslovakia.sk\/?page_id=86\" \/>\n<meta property=\"og:locale\" content=\"sk_SK\" \/>\n<meta property=\"og:type\" content=\"article\" \/>\n<meta property=\"og:title\" content=\"\u010clenovia - CON MOTO SLOVAKIA\" \/>\n<meta property=\"og:description\" content=\"dirigent Mgr. art. Mari\u00e1n Bujnovsk\u00fd Sopr\u00e1n Zuzanka Pul\u0161\u010d\u00e1kov\u00e1Lenka Ma\u0165a\u0161ov\u00e1Anna Rusz\u00f3 B\u00e1nov\u00e1Sofia Simkov\u00e1Miriam Palkovi\u010d mezOsopr\u00c1n Iveta Jur\u010dov\u00e1Kati K\u00f3nyaMonika T\u00f3thLucka Bako\u0161ov\u00e1 Alt Janka Dobrock\u00e1Zuzka Alexovi\u010dov\u00e1So\u0148a Grestyov\u00e1Gitka Krn\u00e1\u010dov\u00e1Em\u00edlia Mer\u010d\u00e1kov\u00e1\u013dudka Hajdu\u010dinov\u00e1Lucia Bujnov\u00e1 Tenor Jakub Novotn\u00fdViktor \u010copPeter Gu\u013ea\u0161\u0160tefan H\u00e1jekJozef Koronczi baryt\u00f3n Dominik Ki\u0161\u0161R\u00f3bert Bako\u0161 bas Mari\u00e1n Bujnovsk\u00fdMari\u00e1n \u017di\u0161kaJ\u00e1n De\u00e1kMatej Ivani\u010dPeter \u0160krab\u00e1k\u0160tefan DomaDamian B\u00f3di\" \/>\n<meta property=\"og:url\" content=\"https:\/\/conmotoslovakia.sk\/?page_id=86\" \/>\n<meta property=\"og:site_name\" content=\"CON MOTO SLOVAKIA\" \/>\n<meta property=\"article:publisher\" content=\"https:\/\/www.facebook.com\/groups\/1433289267001405\/\" \/>\n<meta property=\"article:modified_time\" content=\"2025-06-22T19:14:05+00:00\" \/>\n<meta property=\"og:image\" content=\"https:\/\/conmotoslovakia.sk\/wp-content\/uploads\/2025\/06\/majo_web.jpg\" \/>\n\t<meta property=\"og:image:width\" content=\"2186\" \/>\n\t<meta property=\"og:image:height\" content=\"2560\" \/>\n\t<meta property=\"og:image:type\" content=\"image\/jpeg\" \/>\n<meta name=\"twitter:card\" content=\"summary_large_image\" \/>\n<meta name=\"twitter:label1\" content=\"Predpokladan\u00fd \u010das \u010d\u00edtania\" \/>\n\t<meta name=\"twitter:data1\" content=\"1 min\u00fata\" \/>\n<script type=\"application\/ld+json\" class=\"yoast-schema-graph\">{\"@context\":\"https:\\\/\\\/schema.org\",\"@graph\":[{\"@type\":\"WebPage\",\"@id\":\"https:\\\/\\\/conmotoslovakia.sk\\\/?page_id=86\",\"url\":\"https:\\\/\\\/conmotoslovakia.sk\\\/?page_id=86\",\"name\":\"\u010clenovia - CON MOTO SLOVAKIA\",\"isPartOf\":{\"@id\":\"https:\\\/\\\/conmotoslovakia.sk\\\/#website\"},\"primaryImageOfPage\":{\"@id\":\"https:\\\/\\\/conmotoslovakia.sk\\\/?page_id=86#primaryimage\"},\"image\":{\"@id\":\"https:\\\/\\\/conmotoslovakia.sk\\\/?page_id=86#primaryimage\"},\"thumbnailUrl\":\"https:\\\/\\\/conmotoslovakia.sk\\\/wp-content\\\/uploads\\\/2025\\\/06\\\/majo_web-256x300.jpg\",\"datePublished\":\"2020-04-12T17:12:17+00:00\",\"dateModified\":\"2025-06-22T19:14:05+00:00\",\"breadcrumb\":{\"@id\":\"https:\\\/\\\/conmotoslovakia.sk\\\/?page_id=86#breadcrumb\"},\"inLanguage\":\"sk-SK\",\"potentialAction\":[{\"@type\":\"ReadAction\",\"target\":[\"https:\\\/\\\/conmotoslovakia.sk\\\/?page_id=86\"]}]},{\"@type\":\"ImageObject\",\"inLanguage\":\"sk-SK\",\"@id\":\"https:\\\/\\\/conmotoslovakia.sk\\\/?page_id=86#primaryimage\",\"url\":\"https:\\\/\\\/conmotoslovakia.sk\\\/wp-content\\\/uploads\\\/2025\\\/06\\\/majo_web.jpg\",\"contentUrl\":\"https:\\\/\\\/conmotoslovakia.sk\\\/wp-content\\\/uploads\\\/2025\\\/06\\\/majo_web.jpg\",\"width\":2186,\"height\":2560},{\"@type\":\"BreadcrumbList\",\"@id\":\"https:\\\/\\\/conmotoslovakia.sk\\\/?page_id=86#breadcrumb\",\"itemListElement\":[{\"@type\":\"ListItem\",\"position\":1,\"name\":\"Home\",\"item\":\"https:\\\/\\\/conmotoslovakia.sk\\\/\"},{\"@type\":\"ListItem\",\"position\":2,\"name\":\"\u010clenovia\"}]},{\"@type\":\"WebSite\",\"@id\":\"https:\\\/\\\/conmotoslovakia.sk\\\/#website\",\"url\":\"https:\\\/\\\/conmotoslovakia.sk\\\/\",\"name\":\"CON MOTO SLOVAKIA\",\"description\":\"Zbor dirigentov a hudobn\u00fdch nad\u0161encov Slovenska\",\"publisher\":{\"@id\":\"https:\\\/\\\/conmotoslovakia.sk\\\/#organization\"},\"potentialAction\":[{\"@type\":\"SearchAction\",\"target\":{\"@type\":\"EntryPoint\",\"urlTemplate\":\"https:\\\/\\\/conmotoslovakia.sk\\\/?s={search_term_string}\"},\"query-input\":{\"@type\":\"PropertyValueSpecification\",\"valueRequired\":true,\"valueName\":\"search_term_string\"}}],\"inLanguage\":\"sk-SK\"},{\"@type\":\"Organization\",\"@id\":\"https:\\\/\\\/conmotoslovakia.sk\\\/#organization\",\"name\":\"CON MOTO SLOVAKIA\",\"url\":\"https:\\\/\\\/conmotoslovakia.sk\\\/\",\"logo\":{\"@type\":\"ImageObject\",\"inLanguage\":\"sk-SK\",\"@id\":\"https:\\\/\\\/conmotoslovakia.sk\\\/#\\\/schema\\\/logo\\\/image\\\/\",\"url\":\"https:\\\/\\\/conmotoslovakia.sk\\\/wp-content\\\/uploads\\\/2026\\\/01\\\/cropped-Logo.jpg\",\"contentUrl\":\"https:\\\/\\\/conmotoslovakia.sk\\\/wp-content\\\/uploads\\\/2026\\\/01\\\/cropped-Logo.jpg\",\"width\":512,\"height\":512,\"caption\":\"CON MOTO SLOVAKIA\"},\"image\":{\"@id\":\"https:\\\/\\\/conmotoslovakia.sk\\\/#\\\/schema\\\/logo\\\/image\\\/\"},\"sameAs\":[\"https:\\\/\\\/www.facebook.com\\\/groups\\\/1433289267001405\\\/\",\"https:\\\/\\\/www.instagram.com\\\/conmoto_zbor\"]}]}<\/script>\n<!-- \/ Yoast SEO plugin. -->","yoast_head_json":{"title":"\u010clenovia - CON MOTO SLOVAKIA","robots":{"index":"index","follow":"follow","max-snippet":"max-snippet:-1","max-image-preview":"max-image-preview:large","max-video-preview":"max-video-preview:-1"},"canonical":"https:\/\/conmotoslovakia.sk\/?page_id=86","og_locale":"sk_SK","og_type":"article","og_title":"\u010clenovia - CON MOTO SLOVAKIA","og_description":"dirigent Mgr. art. Mari\u00e1n Bujnovsk\u00fd Sopr\u00e1n Zuzanka Pul\u0161\u010d\u00e1kov\u00e1Lenka Ma\u0165a\u0161ov\u00e1Anna Rusz\u00f3 B\u00e1nov\u00e1Sofia Simkov\u00e1Miriam Palkovi\u010d mezOsopr\u00c1n Iveta Jur\u010dov\u00e1Kati K\u00f3nyaMonika T\u00f3thLucka Bako\u0161ov\u00e1 Alt Janka Dobrock\u00e1Zuzka Alexovi\u010dov\u00e1So\u0148a Grestyov\u00e1Gitka Krn\u00e1\u010dov\u00e1Em\u00edlia Mer\u010d\u00e1kov\u00e1\u013dudka Hajdu\u010dinov\u00e1Lucia Bujnov\u00e1 Tenor Jakub Novotn\u00fdViktor \u010copPeter Gu\u013ea\u0161\u0160tefan H\u00e1jekJozef Koronczi baryt\u00f3n Dominik Ki\u0161\u0161R\u00f3bert Bako\u0161 bas Mari\u00e1n Bujnovsk\u00fdMari\u00e1n \u017di\u0161kaJ\u00e1n De\u00e1kMatej Ivani\u010dPeter \u0160krab\u00e1k\u0160tefan DomaDamian B\u00f3di","og_url":"https:\/\/conmotoslovakia.sk\/?page_id=86","og_site_name":"CON MOTO SLOVAKIA","article_publisher":"https:\/\/www.facebook.com\/groups\/1433289267001405\/","article_modified_time":"2025-06-22T19:14:05+00:00","og_image":[{"width":2186,"height":2560,"url":"https:\/\/conmotoslovakia.sk\/wp-content\/uploads\/2025\/06\/majo_web.jpg","type":"image\/jpeg"}],"twitter_card":"summary_large_image","twitter_misc":{"Predpokladan\u00fd \u010das \u010d\u00edtania":"1 min\u00fata"},"schema":{"@context":"https:\/\/schema.org","@graph":[{"@type":"WebPage","@id":"https:\/\/conmotoslovakia.sk\/?page_id=86","url":"https:\/\/conmotoslovakia.sk\/?page_id=86","name":"\u010clenovia - CON MOTO SLOVAKIA","isPartOf":{"@id":"https:\/\/conmotoslovakia.sk\/#website"},"primaryImageOfPage":{"@id":"https:\/\/conmotoslovakia.sk\/?page_id=86#primaryimage"},"image":{"@id":"https:\/\/conmotoslovakia.sk\/?page_id=86#primaryimage"},"thumbnailUrl":"https:\/\/conmotoslovakia.sk\/wp-content\/uploads\/2025\/06\/majo_web-256x300.jpg","datePublished":"2020-04-12T17:12:17+00:00","dateModified":"2025-06-22T19:14:05+00:00","breadcrumb":{"@id":"https:\/\/conmotoslovakia.sk\/?page_id=86#breadcrumb"},"inLanguage":"sk-SK","potentialAction":[{"@type":"ReadAction","target":["https:\/\/conmotoslovakia.sk\/?page_id=86"]}]},{"@type":"ImageObject","inLanguage":"sk-SK","@id":"https:\/\/conmotoslovakia.sk\/?page_id=86#primaryimage","url":"https:\/\/conmotoslovakia.sk\/wp-content\/uploads\/2025\/06\/majo_web.jpg","contentUrl":"https:\/\/conmotoslovakia.sk\/wp-content\/uploads\/2025\/06\/majo_web.jpg","width":2186,"height":2560},{"@type":"BreadcrumbList","@id":"https:\/\/conmotoslovakia.sk\/?page_id=86#breadcrumb","itemListElement":[{"@type":"ListItem","position":1,"name":"Home","item":"https:\/\/conmotoslovakia.sk\/"},{"@type":"ListItem","position":2,"name":"\u010clenovia"}]},{"@type":"WebSite","@id":"https:\/\/conmotoslovakia.sk\/#website","url":"https:\/\/conmotoslovakia.sk\/","name":"CON MOTO SLOVAKIA","description":"Zbor dirigentov a hudobn\u00fdch nad\u0161encov Slovenska","publisher":{"@id":"https:\/\/conmotoslovakia.sk\/#organization"},"potentialAction":[{"@type":"SearchAction","target":{"@type":"EntryPoint","urlTemplate":"https:\/\/conmotoslovakia.sk\/?s={search_term_string}"},"query-input":{"@type":"PropertyValueSpecification","valueRequired":true,"valueName":"search_term_string"}}],"inLanguage":"sk-SK"},{"@type":"Organization","@id":"https:\/\/conmotoslovakia.sk\/#organization","name":"CON MOTO SLOVAKIA","url":"https:\/\/conmotoslovakia.sk\/","logo":{"@type":"ImageObject","inLanguage":"sk-SK","@id":"https:\/\/conmotoslovakia.sk\/#\/schema\/logo\/image\/","url":"https:\/\/conmotoslovakia.sk\/wp-content\/uploads\/2026\/01\/cropped-Logo.jpg","contentUrl":"https:\/\/conmotoslovakia.sk\/wp-content\/uploads\/2026\/01\/cropped-Logo.jpg","width":512,"height":512,"caption":"CON MOTO SLOVAKIA"},"image":{"@id":"https:\/\/conmotoslovakia.sk\/#\/schema\/logo\/image\/"},"sameAs":["https:\/\/www.facebook.com\/groups\/1433289267001405\/","https:\/\/www.instagram.com\/conmoto_zbor"]}]}},"_links":{"self":[{"href":"https:\/\/conmotoslovakia.sk\/index.php?rest_route=\/wp\/v2\/pages\/86","targetHints":{"allow":["GET"]}}],"collection":[{"href":"https:\/\/conmotoslovakia.sk\/index.php?rest_route=\/wp\/v2\/pages"}],"about":[{"href":"https:\/\/conmotoslovakia.sk\/index.php?rest_route=\/wp\/v2\/types\/page"}],"author":[{"embeddable":true,"href":"https:\/\/conmotoslovakia.sk\/index.php?rest_route=\/wp\/v2\/users\/1"}],"replies":[{"embeddable":true,"href":"https:\/\/conmotoslovakia.sk\/index.php?rest_route=%2Fwp%2Fv2%2Fcomments&post=86"}],"version-history":[{"count":6,"href":"https:\/\/conmotoslovakia.sk\/index.php?rest_route=\/wp\/v2\/pages\/86\/revisions"}],"predecessor-version":[{"id":893,"href":"https:\/\/conmotoslovakia.sk\/index.php?rest_route=\/wp\/v2\/pages\/86\/revisions\/893"}],"wp:attachment":[{"href":"https:\/\/conmotoslovakia.sk\/index.php?rest_route=%2Fwp%2Fv2%2Fmedia&parent=86"}],"curies":[{"name":"wp","href":"https:\/\/api.w.org\/{rel}","templated":true}]}}